{"id":3594,"date":"2024-08-18T20:02:42","date_gmt":"2024-08-18T18:02:42","guid":{"rendered":"https:\/\/playhouse.com.pl\/lien-he\/"},"modified":"2024-08-21T17:19:57","modified_gmt":"2024-08-21T15:19:57","slug":"lien-he","status":"publish","type":"page","link":"https:\/\/playhouse.pl\/vi\/lien-he\/","title":{"rendered":"Li\u00ean h\u1ec7"},"content":{"rendered":"\n<div class=\"wp-block-group alignfull has-background-background-color has-background\" style=\"margin-top:0;margin-bottom:0;padding-top:0;padding-right:0;padding-bottom:0;padding-left:0\"><div class=\"wp-block-group__inner-container is-layout-constrained wp-container-core-group-is-layout-cf14dc92 wp-block-group-is-layout-constrained\">\n<div class=\"wp-block-cover alignfull\" style=\"padding-top:0;padding-right:var(--wp--preset--spacing--30);padding-bottom:0;padding-left:var(--wp--preset--spacing--30);min-height:50px;aspect-ratio:unset;\"><span aria-hidden=\"true\" class=\"wp-block-cover__background has-black-background-color has-background-dim-60 has-background-dim\"><\/span><img decoding=\"async\" class=\"wp-block-cover__image-background wp-image-32\" alt=\"\" src=\"http:\/\/playhouse.pl\/wp-content\/uploads\/2024\/08\/4306574d24ad4a9ccc26c8b64bdc672706524284.jpg\" data-object-fit=\"cover\" \/><div class=\"wp-block-cover__inner-container is-layout-flow wp-block-cover-is-layout-flow\">\n<div class=\"wp-block-group\" style=\"padding-top:var(--wp--preset--spacing--60);padding-bottom:var(--wp--preset--spacing--60)\"><div class=\"wp-block-group__inner-container is-layout-constrained wp-block-group-is-layout-constrained\">\n<div class=\"wp-block-group alignwide is-content-justification-left\"><div class=\"wp-block-group__inner-container is-layout-constrained wp-container-core-group-is-layout-8c890d92 wp-block-group-is-layout-constrained\">\n<h1 class=\"wp-block-heading has-text-color has-x-large-font-size\" style=\"color:#fffffffc\">B\u1ea1n c\u00f3 c\u00e2u h\u1ecfi n\u00e0o kh\u00f4ng? Li\u00ean h\u1ec7 v\u1edbi ch\u00fang t\u00f4i! <\/h1>\n\n\n\n<p class=\"has-text-color\" style=\"color:#fffffffc;margin-top:16px\">H\u00e3y li\u00ean h\u1ec7 v\u1edbi ch\u00fang t\u00f4i &#8211; g\u1ecdi cho ch\u00fang t\u00f4i v\u00e0 t\u00ecm hi\u1ec3u th\u00eam v\u1ec1 Playhouse!<\/p>\n<\/div><\/div>\n<\/div><\/div>\n<\/div><\/div>\n<\/div><\/div>\n\n<div class=\"wp-block-group alignfull has-tertiary-background-color has-background\" style=\"margin-top:0;margin-bottom:0;padding-top:var(--wp--preset--spacing--60);padding-right:var(--wp--preset--spacing--30);padding-bottom:var(--wp--preset--spacing--60);padding-left:var(--wp--preset--spacing--30)\"><div class=\"wp-block-group__inner-container is-layout-constrained wp-container-core-group-is-layout-392eb801 wp-block-group-is-layout-constrained\">\n<div class=\"wp-block-columns alignwide is-layout-flex wp-container-core-columns-is-layout-6b2998fd wp-block-columns-is-layout-flex\">\n<div class=\"wp-block-column is-layout-flow wp-block-column-is-layout-flow\" style=\"flex-basis:50%\">\n<div class=\"wp-block-group\"><div class=\"wp-block-group__inner-container is-layout-flow wp-block-group-is-layout-flow\">\n<h4 class=\"wp-block-heading has-medium-font-size\">B\u1ea1n m\u1edf c\u1eeda v\u00e0o nh\u1eefng ng\u00e0y n\u00e0o?<\/h4>\n\n\n\n<p class=\"has-small-font-size\" style=\"margin-top:12px\">Ch\u00fang t\u00f4i m\u1edf c\u1eeda t\u1eeb th\u1ee9 Hai \u0111\u1ebfn th\u1ee9 B\u1ea3y. \u0110\u00f3ng c\u1eeda v\u00e0o Ch\u1ee7 nh\u1eadt. <\/p>\n<\/div><\/div>\n\n\n\n<hr class=\"wp-block-separator has-text-color has-tertiary-color has-alpha-channel-opacity has-background-background-color has-background is-style-wide\" \/>\n\n\n\n<div class=\"wp-block-group\"><div class=\"wp-block-group__inner-container is-layout-flow wp-block-group-is-layout-flow\">\n<h4 class=\"wp-block-heading has-medium-font-size\">B\u1ea1n c\u00f3 cung c\u1ea5p WiFi kh\u00f4ng?<\/h4>\n\n\n\n<p class=\"has-small-font-size\" style=\"margin-top:12px\">C\u00f3, ch\u00fang t\u00f4i cung c\u1ea5p WiFi cho kh\u00e1ch h\u00e0ng c\u1ee7a m\u00ecnh.<\/p>\n<\/div><\/div>\n\n\n\n<hr class=\"wp-block-separator has-text-color has-tertiary-color has-alpha-channel-opacity has-background-background-color has-background is-style-wide\" \/>\n\n\n\n<div class=\"wp-block-group\"><div class=\"wp-block-group__inner-container is-layout-flow wp-block-group-is-layout-flow\">\n<h4 class=\"wp-block-heading has-medium-font-size\">L\u00e0m c\u00e1ch n\u00e0o t\u00f4i c\u00f3 th\u1ec3 \u0111\u1eb7t b\u00e0n t\u1ea1i Playhouse?<\/h4>\n\n\n\n<p class=\"has-small-font-size\" style=\"margin-top:12px\">C\u00f3, b\u1ea1n c\u00f3 th\u1ec3 \u0111\u1eb7t b\u00e0n b\u1eb1ng c\u00e1ch li\u00ean h\u1ec7 v\u1edbi ch\u00fang t\u00f4i qua \u0111i\u1ec7n tho\u1ea1i ho\u1eb7c e-mail.<\/p>\n<\/div><\/div>\n<\/div>\n\n\n\n<div class=\"wp-block-column is-layout-flow wp-block-column-is-layout-flow\" style=\"flex-basis:50%\">\n<h2 class=\"wp-block-heading has-large-font-size\">H\u00e3y vi\u1ebft th\u01b0 cho ch\u00fang t\u00f4i v\u00e0 \u0111\u1eb7t b\u00e0n t\u1ea1i c\u00e2u l\u1ea1c b\u1ed9 \u0111\u1ed9c quy\u1ec1n c\u1ee7a ch\u00fang t\u00f4i \u1edf Warsaw.<\/h2>\n\n\n\n<p><strong>\u0111\u01b0\u1eddng ph\u1ed1 Marsza\u0142kowska 1 <\/strong><\/p>\n\n\n\n<p style=\"margin-top:0\"><strong>00-001 Warsaw<\/strong><\/p>\n\n\n\n<p class=\"has-small-font-size\" style=\"margin-top:8px\">987 654 321<\/p>\n\n\n\n<p class=\"has-small-font-size\" style=\"margin-top:8px\">kontakt@playhouse.com<\/p>\n<\/div>\n<\/div>\n<\/div><\/div>\n","protected":false},"excerpt":{"rendered":"<p>B\u1ea1n m\u1edf c\u1eeda v\u00e0o nh\u1eefng ng\u00e0y n\u00e0o? Ch\u00fang t\u00f4i m\u1edf c\u1eeda t\u1eeb th\u1ee9 Hai \u0111\u1ebfn th\u1ee9 B\u1ea3y. \u0110\u00f3ng c\u1eeda v\u00e0o Ch\u1ee7 nh\u1eadt. B\u1ea1n c\u00f3 cung c\u1ea5p WiFi kh\u00f4ng? C\u00f3, ch\u00fang t\u00f4i cung c\u1ea5p WiFi cho kh\u00e1ch h\u00e0ng c\u1ee7a m\u00ecnh. L\u00e0m c\u00e1ch n\u00e0o t\u00f4i c\u00f3 th\u1ec3 \u0111\u1eb7t b\u00e0n t\u1ea1i Playhouse? C\u00f3, b\u1ea1n c\u00f3 th\u1ec3 \u0111\u1eb7t b\u00e0n&#8230;<\/p>\n","protected":false},"author":3,"featured_media":0,"parent":0,"menu_order":0,"comment_status":"closed","ping_status":"closed","template":"","meta":{"_monsterinsights_skip_tracking":false,"_monsterinsights_sitenote_active":false,"_monsterinsights_sitenote_note":"","_monsterinsights_sitenote_category":0,"_kadence_starter_templates_imported_post":false,"_kad_post_transparent":"","_kad_post_title":"","_kad_post_layout":"","_kad_post_sidebar_id":"","_kad_post_content_style":"","_kad_post_vertical_padding":"","_kad_post_feature":"","_kad_post_feature_position":"","_kad_post_header":false,"_kad_post_footer":false,"_kad_post_classname":"","footnotes":""},"class_list":["post-3594","page","type-page","status-publish","hentry"],"aioseo_notices":[],"_links":{"self":[{"href":"https:\/\/playhouse.pl\/vi\/wp-json\/wp\/v2\/pages\/3594","targetHints":{"allow":["GET"]}}],"collection":[{"href":"https:\/\/playhouse.pl\/vi\/wp-json\/wp\/v2\/pages"}],"about":[{"href":"https:\/\/playhouse.pl\/vi\/wp-json\/wp\/v2\/types\/page"}],"author":[{"embeddable":true,"href":"https:\/\/playhouse.pl\/vi\/wp-json\/wp\/v2\/users\/3"}],"replies":[{"embeddable":true,"href":"https:\/\/playhouse.pl\/vi\/wp-json\/wp\/v2\/comments?post=3594"}],"version-history":[{"count":1,"href":"https:\/\/playhouse.pl\/vi\/wp-json\/wp\/v2\/pages\/3594\/revisions"}],"predecessor-version":[{"id":3596,"href":"https:\/\/playhouse.pl\/vi\/wp-json\/wp\/v2\/pages\/3594\/revisions\/3596"}],"wp:attachment":[{"href":"https:\/\/playhouse.pl\/vi\/wp-json\/wp\/v2\/media?parent=3594"}],"curies":[{"name":"wp","href":"https:\/\/api.w.org\/{rel}","templated":true}]}}