{"id":3538,"date":"2024-08-18T20:02:43","date_gmt":"2024-08-18T18:02:43","guid":{"rendered":"https:\/\/playhouse.com.pl\/ve-chung-toi\/"},"modified":"2024-08-21T17:19:04","modified_gmt":"2024-08-21T15:19:04","slug":"ve-chung-toi","status":"publish","type":"page","link":"https:\/\/playhouse.pl\/vi\/ve-chung-toi\/","title":{"rendered":"V\u1ec1 ch\u00fang t\u00f4i"},"content":{"rendered":"\n<div class=\"wp-block-group alignfull has-background-background-color has-background\" style=\"margin-top:0;margin-bottom:0;padding-top:0;padding-right:0;padding-bottom:0;padding-left:0\"><div class=\"wp-block-group__inner-container is-layout-constrained wp-container-core-group-is-layout-cf14dc92 wp-block-group-is-layout-constrained\">\n<div class=\"wp-block-cover alignfull\" style=\"padding-top:0;padding-right:var(--wp--preset--spacing--30);padding-bottom:0;padding-left:var(--wp--preset--spacing--30);min-height:50px;aspect-ratio:unset;\"><span aria-hidden=\"true\" class=\"wp-block-cover__background has-black-background-color has-background-dim-60 has-background-dim\"><\/span><img decoding=\"async\" class=\"wp-block-cover__image-background wp-image-32\" alt=\"\" src=\"http:\/\/playhouse.pl\/wp-content\/uploads\/2024\/08\/4306574d24ad4a9ccc26c8b64bdc672706524284.jpg\" data-object-fit=\"cover\" \/><div class=\"wp-block-cover__inner-container is-layout-flow wp-block-cover-is-layout-flow\">\n<div class=\"wp-block-group\" style=\"padding-top:var(--wp--preset--spacing--60);padding-bottom:var(--wp--preset--spacing--60)\"><div class=\"wp-block-group__inner-container is-layout-constrained wp-block-group-is-layout-constrained\">\n<div class=\"wp-block-group alignwide is-content-justification-left\"><div class=\"wp-block-group__inner-container is-layout-constrained wp-container-core-group-is-layout-8c890d92 wp-block-group-is-layout-constrained\">\n<h1 class=\"wp-block-heading has-text-color has-x-large-font-size\" style=\"color:#fffffffc\">C\u00e2u l\u1ea1c b\u1ed9 tho\u00e1t y t\u1ed1t nh\u1ea5t \u1edf Warsaw<\/h1>\n\n\n\n<p class=\"has-text-color\" style=\"color:#fffffffc;margin-top:16px\">Playhouse l\u00e0 c\u00e2u l\u1ea1c b\u1ed9 tho\u00e1t y t\u1ed1t nh\u1ea5t \u1edf trung t\u00e2m Warsaw.<\/p>\n<\/div><\/div>\n<\/div><\/div>\n<\/div><\/div>\n<\/div><\/div>\n\n<div class=\"wp-block-group alignfull has-tertiary-background-color has-background\" style=\"margin-top:0;margin-bottom:0;padding-top:var(--wp--preset--spacing--60);padding-right:var(--wp--preset--spacing--30);padding-bottom:var(--wp--preset--spacing--60);padding-left:var(--wp--preset--spacing--30)\"><div class=\"wp-block-group__inner-container is-layout-constrained wp-container-core-group-is-layout-392eb801 wp-block-group-is-layout-constrained\">\n<div class=\"wp-block-columns alignwide are-vertically-aligned-center is-layout-flex wp-container-core-columns-is-layout-30f78326 wp-block-columns-is-layout-flex\">\n<div class=\"wp-block-column is-vertically-aligned-center is-layout-flow wp-block-column-is-layout-flow\" style=\"flex-basis:60%\">\n<h2 class=\"wp-block-heading has-text-align-left has-large-font-size\">Playhouse &#8211; \u0110\u1ecba \u0111i\u1ec3m vui ch\u01a1i gi\u1ea3i tr\u00ed \u0111\u1ed9c \u0111\u00e1o gi\u1eefa l\u00f2ng th\u00e0nh ph\u1ed1.<\/h2>\n\n\n\n<p style=\"margin-top:16px\">Playhouse &#8211; c\u00e2u l\u1ea1c b\u1ed9 tho\u00e1t y t\u1ed1t nh\u1ea5t th\u1ebf gi\u1edbi. B\u1ea7u kh\u00f4ng kh\u00ed ho\u00e0n h\u1ea3o, ch\u01b0\u01a1ng tr\u00ecnh bi\u1ec3u di\u1ec5n \u0111\u1eb7c s\u1eafc v\u00e0 d\u1ecbch v\u1ee5 chuy\u00ean nghi\u1ec7p. N\u01a1i ho\u00e0n h\u1ea3o cho nh\u1eefng bu\u1ed5i t\u1ed1i, b\u1eefa ti\u1ec7c v\u00e0 cu\u1ed9c h\u1ecdp kh\u00f3 qu\u00ean. Nhi\u1ec1u l\u1ef1a ch\u1ecdn c\u00e1c m\u00e0n tr\u00ecnh di\u1ec5n \u0111\u1ed9c \u0111\u00e1o \u0111\u01b0\u1ee3c chu\u1ea9n b\u1ecb b\u1edfi c\u00e1c ngh\u1ec7 s\u0129 t\u00e0i n\u0103ng. Ch\u01b0\u01a1ng tr\u00ecnh c\u1ed5 \u0111i\u1ec3n v\u00e0 hi\u1ec7n \u0111\u1ea1i d\u00e0nh cho t\u1ea5t c\u1ea3 m\u1ecdi ng\u01b0\u1eddi. H\u00e3y \u0111\u1ebfn v\u00e0 tr\u1ea3i nghi\u1ec7m nh\u1eefng kho\u1ea3nh kh\u1eafc kh\u00f3 qu\u00ean t\u1ea1i Playhouse!     <\/p>\n<\/div>\n\n\n\n<div class=\"wp-block-column is-vertically-aligned-center is-layout-flow wp-block-column-is-layout-flow\" style=\"flex-basis:50%\">\n<figure class=\"wp-block-image\"><img decoding=\"async\" class=\"wp-image-33\" src=\"http:\/\/playhouse.pl\/wp-content\/uploads\/2024\/08\/9eae812fa8be125c43c58660362b34f220838a6b.jpg\" alt=\"\" style=\"aspect-ratio:4\/3;object-fit:cover\"\/><\/figure>\n<\/div>\n<\/div>\n<\/div><\/div>\n\n<div class=\"wp-block-group alignfull has-background-background-color has-background\" style=\"margin-top:0;margin-bottom:0;padding-top:var(--wp--preset--spacing--60);padding-right:var(--wp--preset--spacing--30);padding-bottom:var(--wp--preset--spacing--60);padding-left:var(--wp--preset--spacing--30)\"><div class=\"wp-block-group__inner-container is-layout-constrained wp-container-core-group-is-layout-392eb801 wp-block-group-is-layout-constrained\">\n<div class=\"wp-block-columns alignwide are-vertically-aligned-center is-layout-flex wp-container-core-columns-is-layout-52fe8137 wp-block-columns-is-layout-flex\">\n<div class=\"wp-block-column is-vertically-aligned-center is-layout-flow wp-block-column-is-layout-flow\">\n<div class=\"wp-block-group alignwide is-content-justification-left\"><div class=\"wp-block-group__inner-container is-layout-constrained wp-container-core-group-is-layout-eded1d97 wp-block-group-is-layout-constrained\">\n<h2 class=\"wp-block-heading has-large-font-size\">Nh\u1eefng th\u00e0nh c\u00f4ng v\u00e0 th\u00e0nh t\u1ef1u c\u1ee7a ch\u00fang t\u00f4i t\u1ea1i Playhouse<\/h2>\n\n\n\n<p style=\"margin-top:16px\">Ch\u00fang t\u00f4i t\u1ef1 h\u00e0o v\u1ec1 t\u00e1c \u0111\u1ed9ng v\u00e0 th\u00e0nh c\u00f4ng \u0111\u00e3 truy\u1ec1n c\u1ea3m h\u1ee9ng cho kh\u00e1ch h\u00e0ng c\u1ee7a m\u00ecnh. D\u01b0\u1edbi \u0111\u00e2y l\u00e0 m\u1ed9t s\u1ed1 th\u1ed1ng k\u00ea quan tr\u1ecdng v\u1ec1 Playhouse: <\/p>\n<\/div><\/div>\n\n\n\n<div class=\"wp-block-columns alignwide is-layout-flex wp-container-core-columns-is-layout-bd0aba32 wp-block-columns-is-layout-flex\">\n<div class=\"wp-block-column is-layout-flow wp-block-column-is-layout-flow\">\n<h3 class=\"wp-block-heading has-text-align-left has-primary-color has-text-color has-large-font-size\">100%<\/h3>\n\n\n\n<h3 class=\"wp-block-heading has-text-align-left has-medium-font-size\" style=\"margin-top:16px\">M\u1ed9t b\u1ea7u kh\u00f4ng kh\u00ed kh\u00f3 qu\u00ean thu h\u00fat b\u1ea1n!<\/h3>\n\n\n\n<p class=\"has-text-align-left has-small-font-size\" style=\"margin-top:8px\">Kh\u00e1ch h\u00e0ng c\u1ee7a ch\u00fang t\u00f4i lu\u00f4n c\u1ea3m th\u1ea5y tho\u1ea3i m\u00e1i v\u00e0 th\u01b0 gi\u00e3n t\u1ea1i Playhouse.<\/p>\n<\/div>\n\n\n\n<div class=\"wp-block-column is-layout-flow wp-block-column-is-layout-flow\">\n<h3 class=\"wp-block-heading has-text-align-left has-primary-color has-text-color has-large-font-size\">100%<\/h3>\n\n\n\n<h3 class=\"wp-block-heading has-text-align-left has-medium-font-size\" style=\"margin-top:16px\">Cocktail \u0111\u01b0\u1ee3c t\u1ea1o ra b\u1eb1ng ni\u1ec1m \u0111am m\u00ea<\/h3>\n\n\n\n<p class=\"has-text-align-left has-small-font-size\" style=\"margin-top:8px\">Ch\u00fang t\u00f4i cung c\u1ea5p h\u01a1n 50 lo\u1ea1i cocktail s\u00e1ng t\u1ea1o s\u1ebd l\u00e0m h\u00e0i l\u00f2ng nh\u1eefng th\u1ef1c kh\u00e1ch s\u00e0nh \u0103n kh\u00f3 t\u00ednh nh\u1ea5t.<\/p>\n<\/div>\n<\/div>\n\n\n\n<div class=\"wp-block-columns alignwide is-layout-flex wp-container-core-columns-is-layout-bd0aba32 wp-block-columns-is-layout-flex\">\n<div class=\"wp-block-column is-layout-flow wp-block-column-is-layout-flow\">\n<h3 class=\"wp-block-heading has-text-align-left has-primary-color has-text-color has-large-font-size\">5000+<\/h3>\n\n\n\n<h3 class=\"wp-block-heading has-text-align-left has-medium-font-size\" style=\"margin-top:16px\">C\u00e1c chuy\u00ean gia trong ngh\u1ec7 thu\u1eadt pha ch\u1ebf cocktail<\/h3>\n\n\n\n<p class=\"has-text-align-left has-small-font-size\" style=\"margin-top:8px\">Nh\u00e2n vi\u00ean pha ch\u1ebf c\u1ee7a ch\u00fang t\u00f4i c\u00f3 h\u01a1n 10 n\u0103m kinh nghi\u1ec7m, \u0111\u1ea3m b\u1ea3o ch\u1ea5t l\u01b0\u1ee3ng d\u1ecbch v\u1ee5 cao nh\u1ea5t.<\/p>\n<\/div>\n\n\n\n<div class=\"wp-block-column is-layout-flow wp-block-column-is-layout-flow\">\n<h3 class=\"wp-block-heading has-text-align-left has-primary-color has-text-color has-large-font-size\">15+<\/h3>\n\n\n\n<h3 class=\"wp-block-heading has-text-align-left has-medium-font-size\" style=\"margin-top:16px\">M\u1ed9t tr\u1ea3i nghi\u1ec7m c\u00f3 m\u1ed9t kh\u00f4ng hai trong th\u1ebf gi\u1edbi gi\u1ea3i tr\u00ed<\/h3>\n\n\n\n<p class=\"has-text-align-left has-small-font-size\" style=\"margin-top:8px\">Ch\u00fang t\u00f4i \u0111\u00e3 c\u00f3 m\u1eb7t tr\u00ean th\u1ecb tr\u01b0\u1eddng h\u01a1n 15 n\u0103m, chi\u1ebfm \u0111\u01b0\u1ee3c l\u00f2ng tin c\u1ee7a kh\u00e1ch h\u00e0ng v\u00e0 c\u1ee7ng c\u1ed1 v\u1ecb th\u1ebf c\u1ee7a m\u00ecnh.<\/p>\n<\/div>\n<\/div>\n<\/div>\n\n\n\n<div class=\"wp-block-column is-vertically-aligned-center is-layout-flow wp-block-column-is-layout-flow\">\n<figure class=\"wp-block-image\"><img decoding=\"async\" class=\"wp-image-58\" src=\"http:\/\/playhouse.pl\/wp-content\/uploads\/2024\/08\/edbf396425c5d590ee368cd0196468cc59f8ae9c.jpg\" alt=\"\" style=\"aspect-ratio:4\/3;object-fit:cover\"\/><\/figure>\n\n\n\n<div class=\"wp-block-group has-tertiary-background-color has-background\" style=\"padding-top:var(--wp--preset--spacing--30);padding-right:24px;padding-bottom:var(--wp--preset--spacing--30);padding-left:24px\"><div class=\"wp-block-group__inner-container is-layout-constrained wp-container-core-group-is-layout-6a81b5f5 wp-block-group-is-layout-constrained\">\n<p>Nh\u1eefng ng\u01b0\u1eddi pha ch\u1ebf t\u1ea1i Playhouse t\u1ea1o n\u00ean \u0111i\u1ec1u k\u1ef3 di\u1ec7u trong m\u1ed7i \u0111\u1ed3 u\u1ed1ng.<\/p>\n\n\n\n<div class=\"wp-block-group is-nowrap is-layout-flex wp-container-core-group-is-layout-9510437d wp-block-group-is-layout-flex\">\n<div class=\"wp-block-group\"><div class=\"wp-block-group__inner-container is-layout-constrained wp-block-group-is-layout-constrained\">\n<h4 class=\"wp-block-heading has-text-align-left has-small-font-size\">doanh nh\u00e2n<\/h4>\n\n\n\n<p class=\"has-text-align-left has-small-font-size\" style=\"margin-top:2px\">Nh\u00e0 thi\u1ebft k\u1ebf n\u1ed9i th\u1ea5t<\/p>\n<\/div><\/div>\n<\/div>\n<\/div><\/div>\n<\/div>\n<\/div>\n<\/div><\/div>\n\n<div class=\"wp-block-group alignfull has-tertiary-background-color has-background\" style=\"margin-top:0;margin-bottom:0;padding-top:var(--wp--preset--spacing--60);padding-right:var(--wp--preset--spacing--30);padding-bottom:var(--wp--preset--spacing--60);padding-left:var(--wp--preset--spacing--30)\"><div class=\"wp-block-group__inner-container is-layout-constrained wp-container-core-group-is-layout-512a02c9 wp-block-group-is-layout-constrained\">\n<p class=\"has-text-align-center has-large-font-size\" style=\"font-style:normal;font-weight:500;line-height:1.3\">Playhouse l\u00e0 n\u01a1i y\u00eau th\u00edch c\u1ee7a t\u00f4i cho nh\u1eefng bu\u1ed5i t\u1ed1i kh\u00f3 qu\u00ean!<\/p>\n\n\n<div class=\"wp-block-image is-style-rounded\">\n<figure class=\"aligncenter\"><img decoding=\"async\" class=\"wp-image-45\" src=\"http:\/\/playhouse.pl\/wp-content\/uploads\/2024\/08\/2bb8210afcadfa6aadb0dc8f968705ea020a7ef1.jpg\" alt=\"\" style=\"aspect-ratio:1;object-fit:cover\"\/><\/figure>\n<\/div>\n\n\n<h4 class=\"wp-block-heading has-text-align-center\" style=\"margin-top:18px;font-size:18px\">Krzysztof Nowak<\/h4>\n\n\n\n<p class=\"has-text-align-center has-small-font-size\" style=\"margin-top:4px\">Qu\u1ea3n l\u00fd c\u00e2u l\u1ea1c b\u1ed9<\/p>\n<\/div><\/div>\n\n<div class=\"wp-block-group alignfull has-background-background-color has-background\" style=\"margin-top:0;margin-bottom:0;padding-top:var(--wp--preset--spacing--60);padding-right:var(--wp--preset--spacing--30);padding-bottom:var(--wp--preset--spacing--60);padding-left:var(--wp--preset--spacing--30)\"><div class=\"wp-block-group__inner-container is-layout-constrained wp-container-core-group-is-layout-392eb801 wp-block-group-is-layout-constrained\">\n<div class=\"wp-block-group alignwide has-tertiary-background-color has-background is-content-justification-space-between is-layout-flex wp-container-core-group-is-layout-1614da31 wp-block-group-is-layout-flex\" style=\"padding-top:var(--wp--preset--spacing--50);padding-right:var(--wp--preset--spacing--50);padding-bottom:var(--wp--preset--spacing--50);padding-left:var(--wp--preset--spacing--50)\">\n<div class=\"wp-block-group\"><div class=\"wp-block-group__inner-container is-layout-constrained wp-block-group-is-layout-constrained\">\n<h2 class=\"wp-block-heading has-large-font-size\">H\u00e3y tham gia c\u00f9ng ch\u00fang t\u00f4i ngay h\u00f4m nay!<\/h2>\n\n\n\n<p style=\"margin-top:16px\">Ch\u00e0o m\u1eebng \u0111\u1ebfn v\u1edbi Playhouse &#8211; c\u00e2u l\u1ea1c b\u1ed9 tho\u00e1t y t\u1ed1t nh\u1ea5t th\u1ebf gi\u1edbi! Th\u01b0 gi\u00e3n v\u1edbi \u0111\u1ed3 u\u1ed1ng \u0111\u1ed9c quy\u1ec1n v\u00e0 t\u1eadn h\u01b0\u1edfng b\u1ea7u kh\u00f4ng kh\u00ed kh\u00f3 qu\u00ean. <\/p>\n<\/div><\/div>\n\n\n\n<div class=\"wp-block-buttons is-content-justification-left is-layout-flex wp-container-core-buttons-is-layout-0934dcb1 wp-block-buttons-is-layout-flex\">\n<div class=\"wp-block-button is-style-outline is-style-outline--1\"><a class=\"wp-block-button__link wp-element-button\" href=\"https:\/\/playhouse.pl\/kontakt\/\">T\u00ecm hi\u1ec3u ch\u00fang t\u00f4i t\u1ed1t h\u01a1n<\/a><\/div>\n\n\n\n<div class=\"wp-block-button\"><a class=\"wp-block-button__link wp-element-button\" href=\"https:\/\/playhouse.pl\/kontakt\/\">\u0110\u1eb7t b\u00e0n<\/a><\/div>\n<\/div>\n<\/div>\n<\/div><\/div>\n","protected":false},"excerpt":{"rendered":"<p>Playhouse &#8211; \u0110\u1ecba \u0111i\u1ec3m vui ch\u01a1i gi\u1ea3i tr\u00ed \u0111\u1ed9c \u0111\u00e1o gi\u1eefa l\u00f2ng th\u00e0nh ph\u1ed1. Playhouse &#8211; c\u00e2u l\u1ea1c b\u1ed9 tho\u00e1t y t\u1ed1t nh\u1ea5t th\u1ebf gi\u1edbi. B\u1ea7u kh\u00f4ng kh\u00ed ho\u00e0n h\u1ea3o, ch\u01b0\u01a1ng tr\u00ecnh bi\u1ec3u di\u1ec5n \u0111\u1eb7c s\u1eafc v\u00e0 d\u1ecbch v\u1ee5 chuy\u00ean nghi\u1ec7p. N\u01a1i ho\u00e0n h\u1ea3o cho nh\u1eefng bu\u1ed5i t\u1ed1i, b\u1eefa ti\u1ec7c v\u00e0 cu\u1ed9c h\u1ecdp kh\u00f3 qu\u00ean&#8230;.<\/p>\n","protected":false},"author":3,"featured_media":0,"parent":0,"menu_order":0,"comment_status":"closed","ping_status":"closed","template":"","meta":{"_monsterinsights_skip_tracking":false,"_monsterinsights_sitenote_active":false,"_monsterinsights_sitenote_note":"","_monsterinsights_sitenote_category":0,"_kadence_starter_templates_imported_post":false,"_kad_post_transparent":"","_kad_post_title":"","_kad_post_layout":"","_kad_post_sidebar_id":"","_kad_post_content_style":"","_kad_post_vertical_padding":"","_kad_post_feature":"","_kad_post_feature_position":"","_kad_post_header":false,"_kad_post_footer":false,"_kad_post_classname":"","footnotes":""},"class_list":["post-3538","page","type-page","status-publish","hentry"],"aioseo_notices":[],"_links":{"self":[{"href":"https:\/\/playhouse.pl\/vi\/wp-json\/wp\/v2\/pages\/3538","targetHints":{"allow":["GET"]}}],"collection":[{"href":"https:\/\/playhouse.pl\/vi\/wp-json\/wp\/v2\/pages"}],"about":[{"href":"https:\/\/playhouse.pl\/vi\/wp-json\/wp\/v2\/types\/page"}],"author":[{"embeddable":true,"href":"https:\/\/playhouse.pl\/vi\/wp-json\/wp\/v2\/users\/3"}],"replies":[{"embeddable":true,"href":"https:\/\/playhouse.pl\/vi\/wp-json\/wp\/v2\/comments?post=3538"}],"version-history":[{"count":1,"href":"https:\/\/playhouse.pl\/vi\/wp-json\/wp\/v2\/pages\/3538\/revisions"}],"predecessor-version":[{"id":3540,"href":"https:\/\/playhouse.pl\/vi\/wp-json\/wp\/v2\/pages\/3538\/revisions\/3540"}],"wp:attachment":[{"href":"https:\/\/playhouse.pl\/vi\/wp-json\/wp\/v2\/media?parent=3538"}],"curies":[{"name":"wp","href":"https:\/\/api.w.org\/{rel}","templated":true}]}}