{"id":3490,"date":"2024-08-18T20:02:43","date_gmt":"2024-08-18T18:02:43","guid":{"rendered":"https:\/\/playhouse.com.pl\/cau-hoi-thuong-gap\/"},"modified":"2024-08-21T17:18:45","modified_gmt":"2024-08-21T15:18:45","slug":"cau-hoi-thuong-gap","status":"publish","type":"page","link":"https:\/\/playhouse.pl\/vi\/cau-hoi-thuong-gap\/","title":{"rendered":"C\u00e2u h\u1ecfi th\u01b0\u1eddng g\u1eb7p"},"content":{"rendered":"\n<div class=\"wp-block-group alignfull has-background-background-color has-background\" style=\"margin-top:0;margin-bottom:0;padding-top:0;padding-right:0;padding-bottom:0;padding-left:0\"><div class=\"wp-block-group__inner-container is-layout-constrained wp-container-core-group-is-layout-cf14dc92 wp-block-group-is-layout-constrained\">\n<div class=\"wp-block-cover alignfull\" style=\"padding-top:0;padding-right:var(--wp--preset--spacing--30);padding-bottom:0;padding-left:var(--wp--preset--spacing--30);min-height:50px;aspect-ratio:unset;\"><span aria-hidden=\"true\" class=\"wp-block-cover__background has-black-background-color has-background-dim-60 has-background-dim\"><\/span><img decoding=\"async\" class=\"wp-block-cover__image-background wp-image-32\" alt=\"\" src=\"http:\/\/playhouse.pl\/wp-content\/uploads\/2024\/08\/4306574d24ad4a9ccc26c8b64bdc672706524284.jpg\" data-object-fit=\"cover\" \/><div class=\"wp-block-cover__inner-container is-layout-flow wp-block-cover-is-layout-flow\">\n<div class=\"wp-block-group\" style=\"padding-top:var(--wp--preset--spacing--60);padding-bottom:var(--wp--preset--spacing--60)\"><div class=\"wp-block-group__inner-container is-layout-constrained wp-block-group-is-layout-constrained\">\n<div class=\"wp-block-group alignwide is-content-justification-left\"><div class=\"wp-block-group__inner-container is-layout-constrained wp-container-core-group-is-layout-8c890d92 wp-block-group-is-layout-constrained\">\n<h1 class=\"wp-block-heading has-text-color has-x-large-font-size\" style=\"color:#fffffffc\">C\u00e2u h\u1ecfi th\u01b0\u1eddng g\u1eb7p<\/h1>\n\n\n\n<p class=\"has-text-color\" style=\"color:#fffffffc;margin-top:16px\">Nh\u1eefng c\u00e2u h\u1ecfi th\u01b0\u1eddng g\u1eb7p v\u1ec1 Playhouse T\u00ecm c\u00e2u tr\u1ea3 l\u1eddi cho t\u1ea5t c\u1ea3 c\u00e1c c\u00e2u h\u1ecfi v\u00e0 th\u00f4ng tin b\u1ea1n c\u1ea7n! <\/p>\n<\/div><\/div>\n<\/div><\/div>\n<\/div><\/div>\n<\/div><\/div>\n\n<div class=\"wp-block-group alignfull has-tertiary-background-color has-background\" style=\"margin-top:0;margin-bottom:0;padding-top:var(--wp--preset--spacing--60);padding-right:var(--wp--preset--spacing--30);padding-bottom:var(--wp--preset--spacing--60);padding-left:var(--wp--preset--spacing--30)\"><div class=\"wp-block-group__inner-container is-layout-constrained wp-container-core-group-is-layout-392eb801 wp-block-group-is-layout-constrained\">\n<div class=\"wp-block-group alignwide is-content-justification-center\" style=\"margin-bottom:var(--wp--preset--spacing--30)\"><div class=\"wp-block-group__inner-container is-layout-constrained wp-block-group-is-layout-constrained\">\n<h2 class=\"wp-block-heading has-text-align-center has-large-font-size\">C\u00e1c c\u00e2u h\u1ecfi th\u01b0\u1eddng g\u1eb7p:<\/h2>\n\n\n\n<p class=\"has-text-align-center\" style=\"margin-top:16px\">Vui l\u00f2ng \u0111\u1ecdc c\u00e2u tr\u1ea3 l\u1eddi cho c\u00e2u h\u1ecfi c\u1ee7a b\u1ea1n v\u1ec1 Playhouse. T\u00ecm hi\u1ec3u th\u00eam v\u1ec1 b\u1ea7u kh\u00f4ng kh\u00ed tuy\u1ec7t v\u1eddi, nh\u1eefng ly cocktail s\u00e1ng t\u1ea1o v\u00e0 nh\u1eefng v\u0169 c\u00f4ng t\u00e0i n\u0103ng c\u1ee7a ch\u00fang t\u00f4i. <\/p>\n<\/div><\/div>\n\n\n\n<div class=\"wp-block-group\" style=\"border-bottom-color:var(--wp--preset--color--tertiary);border-bottom-width:1px;margin-top:0;padding-top:var(--wp--preset--spacing--30);padding-bottom:var(--wp--preset--spacing--30)\"><div class=\"wp-block-group__inner-container is-layout-constrained wp-block-group-is-layout-constrained\">\n<h4 class=\"wp-block-heading has-medium-font-size\">B\u1ea1n m\u1edf c\u1eeda v\u00e0o nh\u1eefng ng\u00e0y n\u00e0o?<\/h4>\n\n\n\n<p class=\"has-small-font-size\" style=\"margin-top:12px\">Ch\u00fang t\u00f4i m\u1edf c\u1eeda t\u1eeb th\u1ee9 Hai \u0111\u1ebfn th\u1ee9 B\u1ea3y. \u0110\u00f3ng c\u1eeda v\u00e0o Ch\u1ee7 nh\u1eadt. <\/p>\n<\/div><\/div>\n\n\n\n<div class=\"wp-block-group\" style=\"border-bottom-color:var(--wp--preset--color--tertiary);border-bottom-width:1px;margin-top:0;padding-top:var(--wp--preset--spacing--30);padding-bottom:var(--wp--preset--spacing--30)\"><div class=\"wp-block-group__inner-container is-layout-constrained wp-block-group-is-layout-constrained\">\n<h4 class=\"wp-block-heading has-medium-font-size\">B\u1ea1n c\u00f3 cung c\u1ea5p truy c\u1eadp WiFi?<\/h4>\n\n\n\n<p class=\"has-small-font-size\" style=\"margin-top:12px\">C\u00f3, ch\u00fang t\u00f4i cung c\u1ea5p quy\u1ec1n truy c\u1eadp WiFi mi\u1ec5n ph\u00ed cho kh\u00e1ch h\u00e0ng c\u1ee7a m\u00ecnh.<\/p>\n<\/div><\/div>\n\n\n\n<div class=\"wp-block-group\" style=\"border-bottom-color:var(--wp--preset--color--tertiary);border-bottom-width:1px;margin-top:0;padding-top:var(--wp--preset--spacing--30);padding-bottom:var(--wp--preset--spacing--30)\"><div class=\"wp-block-group__inner-container is-layout-constrained wp-block-group-is-layout-constrained\">\n<h4 class=\"wp-block-heading has-medium-font-size\">L\u00e0m c\u00e1ch n\u00e0o t\u00f4i c\u00f3 th\u1ec3 \u0111\u1eb7t b\u00e0n t\u1ea1i Playhouse?<\/h4>\n\n\n\n<p class=\"has-small-font-size\" style=\"margin-top:12px\">C\u00f3, b\u1ea1n c\u00f3 th\u1ec3 \u0111\u1eb7t b\u00e0n b\u1eb1ng c\u00e1ch li\u00ean h\u1ec7 v\u1edbi ch\u00fang t\u00f4i qua \u0111i\u1ec7n tho\u1ea1i ho\u1eb7c e-mail.<\/p>\n<\/div><\/div>\n\n\n\n<div class=\"wp-block-group\" style=\"margin-top:0;padding-top:var(--wp--preset--spacing--30);padding-bottom:0\"><div class=\"wp-block-group__inner-container is-layout-constrained wp-block-group-is-layout-constrained\">\n<h4 class=\"wp-block-heading has-medium-font-size\">B\u1ea1n c\u00f3 ch\u1ea5p nh\u1eadn thanh to\u00e1n b\u1eb1ng th\u1ebb t\u00edn d\u1ee5ng kh\u00f4ng?<\/h4>\n\n\n\n<p class=\"has-small-font-size\" style=\"margin-top:12px\">C\u00f3, ch\u00fang t\u00f4i ch\u1ea5p nh\u1eadn thanh to\u00e1n b\u1eb1ng th\u1ebb t\u00edn d\u1ee5ng.<\/p>\n<\/div><\/div>\n\n\n\n<div class=\"wp-block-group alignwide has-background-background-color has-background is-content-justification-center\" style=\"margin-top:var(--wp--preset--spacing--60);margin-bottom:0;padding-top:var(--wp--preset--spacing--40);padding-right:var(--wp--preset--spacing--30);padding-bottom:var(--wp--preset--spacing--40);padding-left:var(--wp--preset--spacing--30)\"><div class=\"wp-block-group__inner-container is-layout-constrained wp-container-core-group-is-layout-f0465617 wp-block-group-is-layout-constrained\">\n<h3 class=\"wp-block-heading has-text-align-center\" style=\"margin-top:12px\">Li\u00ean h\u1ec7 v\u1edbi ch\u00fang t\u00f4i<\/h3>\n\n\n\n<p class=\"has-text-align-center\" style=\"margin-top:16px\">H\u00e3y vi\u1ebft th\u01b0 cho ch\u00fang t\u00f4i v\u00e0 \u0111\u1eb7t b\u00e0n t\u1ea1i c\u00e2u l\u1ea1c b\u1ed9 \u0111\u1ed9c \u0111\u00e1o c\u1ee7a ch\u00fang t\u00f4i \u1edf Warsaw.<\/p>\n\n\n\n<div class=\"wp-block-buttons is-content-justification-center is-layout-flex wp-container-core-buttons-is-layout-16018d1d wp-block-buttons-is-layout-flex\">\n<div class=\"wp-block-button is-style-fill\"><a class=\"wp-block-button__link wp-element-button\" href=\"https:\/\/playhouse.pl\/kontakt\/\">T\u00ecm hi\u1ec3u th\u00eam<\/a><\/div>\n<\/div>\n<\/div><\/div>\n<\/div><\/div>\n","protected":false},"excerpt":{"rendered":"<p>C\u00e1c c\u00e2u h\u1ecfi th\u01b0\u1eddng g\u1eb7p: Vui l\u00f2ng \u0111\u1ecdc c\u00e2u tr\u1ea3 l\u1eddi cho c\u00e2u h\u1ecfi c\u1ee7a b\u1ea1n v\u1ec1 Playhouse. T\u00ecm hi\u1ec3u th\u00eam v\u1ec1 b\u1ea7u kh\u00f4ng kh\u00ed tuy\u1ec7t v\u1eddi, nh\u1eefng ly cocktail s\u00e1ng t\u1ea1o v\u00e0 nh\u1eefng v\u0169 c\u00f4ng t\u00e0i n\u0103ng c\u1ee7a ch\u00fang t\u00f4i. B\u1ea1n m\u1edf c\u1eeda v\u00e0o nh\u1eefng ng\u00e0y n\u00e0o? Ch\u00fang t\u00f4i m\u1edf c\u1eeda t\u1eeb th\u1ee9 Hai&#8230;<\/p>\n","protected":false},"author":3,"featured_media":0,"parent":0,"menu_order":0,"comment_status":"closed","ping_status":"closed","template":"","meta":{"_monsterinsights_skip_tracking":false,"_monsterinsights_sitenote_active":false,"_monsterinsights_sitenote_note":"","_monsterinsights_sitenote_category":0,"_kadence_starter_templates_imported_post":false,"_kad_post_transparent":"","_kad_post_title":"","_kad_post_layout":"","_kad_post_sidebar_id":"","_kad_post_content_style":"","_kad_post_vertical_padding":"","_kad_post_feature":"","_kad_post_feature_position":"","_kad_post_header":false,"_kad_post_footer":false,"_kad_post_classname":"","footnotes":""},"class_list":["post-3490","page","type-page","status-publish","hentry"],"aioseo_notices":[],"_links":{"self":[{"href":"https:\/\/playhouse.pl\/vi\/wp-json\/wp\/v2\/pages\/3490","targetHints":{"allow":["GET"]}}],"collection":[{"href":"https:\/\/playhouse.pl\/vi\/wp-json\/wp\/v2\/pages"}],"about":[{"href":"https:\/\/playhouse.pl\/vi\/wp-json\/wp\/v2\/types\/page"}],"author":[{"embeddable":true,"href":"https:\/\/playhouse.pl\/vi\/wp-json\/wp\/v2\/users\/3"}],"replies":[{"embeddable":true,"href":"https:\/\/playhouse.pl\/vi\/wp-json\/wp\/v2\/comments?post=3490"}],"version-history":[{"count":1,"href":"https:\/\/playhouse.pl\/vi\/wp-json\/wp\/v2\/pages\/3490\/revisions"}],"predecessor-version":[{"id":3492,"href":"https:\/\/playhouse.pl\/vi\/wp-json\/wp\/v2\/pages\/3490\/revisions\/3492"}],"wp:attachment":[{"href":"https:\/\/playhouse.pl\/vi\/wp-json\/wp\/v2\/media?parent=3490"}],"curies":[{"name":"wp","href":"https:\/\/api.w.org\/{rel}","templated":true}]}}