{"id":3496,"date":"2024-08-18T20:02:43","date_gmt":"2024-08-18T18:02:43","guid":{"rendered":"https:\/\/playhouse.com.pl\/sss\/"},"modified":"2024-08-21T17:18:45","modified_gmt":"2024-08-21T15:18:45","slug":"sss","status":"publish","type":"page","link":"https:\/\/playhouse.pl\/tr\/sss\/","title":{"rendered":"SSS"},"content":{"rendered":"\n<div class=\"wp-block-group alignfull has-background-background-color has-background\" style=\"margin-top:0;margin-bottom:0;padding-top:0;padding-right:0;padding-bottom:0;padding-left:0\"><div class=\"wp-block-group__inner-container is-layout-constrained wp-container-core-group-is-layout-cf14dc92 wp-block-group-is-layout-constrained\">\n<div class=\"wp-block-cover alignfull\" style=\"padding-top:0;padding-right:var(--wp--preset--spacing--30);padding-bottom:0;padding-left:var(--wp--preset--spacing--30);min-height:50px;aspect-ratio:unset;\"><span aria-hidden=\"true\" class=\"wp-block-cover__background has-black-background-color has-background-dim-60 has-background-dim\"><\/span><img decoding=\"async\" class=\"wp-block-cover__image-background wp-image-32\" alt=\"\" src=\"http:\/\/playhouse.pl\/wp-content\/uploads\/2024\/08\/4306574d24ad4a9ccc26c8b64bdc672706524284.jpg\" data-object-fit=\"cover\" \/><div class=\"wp-block-cover__inner-container is-layout-flow wp-block-cover-is-layout-flow\">\n<div class=\"wp-block-group\" style=\"padding-top:var(--wp--preset--spacing--60);padding-bottom:var(--wp--preset--spacing--60)\"><div class=\"wp-block-group__inner-container is-layout-constrained wp-block-group-is-layout-constrained\">\n<div class=\"wp-block-group alignwide is-content-justification-left\"><div class=\"wp-block-group__inner-container is-layout-constrained wp-container-core-group-is-layout-8c890d92 wp-block-group-is-layout-constrained\">\n<h1 class=\"wp-block-heading has-text-color has-x-large-font-size\" style=\"color:#fffffffc\">S\u0131k\u00e7a sorulan sorular<\/h1>\n\n\n\n<p class=\"has-text-color\" style=\"color:#fffffffc;margin-top:16px\">Playhouse hakk\u0131nda s\u0131k\u00e7a sorulan sorular.\nT\u00fcm sorular\u0131n\u0131z\u0131n yan\u0131tlar\u0131n\u0131 ve ihtiyac\u0131n\u0131z olan bilgileri bulun! <\/p>\n<\/div><\/div>\n<\/div><\/div>\n<\/div><\/div>\n<\/div><\/div>\n\n<div class=\"wp-block-group alignfull has-tertiary-background-color has-background\" style=\"margin-top:0;margin-bottom:0;padding-top:var(--wp--preset--spacing--60);padding-right:var(--wp--preset--spacing--30);padding-bottom:var(--wp--preset--spacing--60);padding-left:var(--wp--preset--spacing--30)\"><div class=\"wp-block-group__inner-container is-layout-constrained wp-container-core-group-is-layout-392eb801 wp-block-group-is-layout-constrained\">\n<div class=\"wp-block-group alignwide is-content-justification-center\" style=\"margin-bottom:var(--wp--preset--spacing--30)\"><div class=\"wp-block-group__inner-container is-layout-constrained wp-block-group-is-layout-constrained\">\n<h2 class=\"wp-block-heading has-text-align-center has-large-font-size\">S\u0131k\u00e7a sorulan sorular:<\/h2>\n\n\n\n<p class=\"has-text-align-center\" style=\"margin-top:16px\">Playhouse hakk\u0131ndaki sorular\u0131n\u0131z\u0131n yan\u0131tlar\u0131na bir g\u00f6z at\u0131n.\nMuhte\u015fem atmosferimiz, yarat\u0131c\u0131 kokteyllerimiz ve yetenekli dans\u00e7\u0131lar\u0131m\u0131z hakk\u0131nda daha fazla bilgi edinin. <\/p>\n<\/div><\/div>\n\n\n\n<div class=\"wp-block-group\" style=\"border-bottom-color:var(--wp--preset--color--tertiary);border-bottom-width:1px;margin-top:0;padding-top:var(--wp--preset--spacing--30);padding-bottom:var(--wp--preset--spacing--30)\"><div class=\"wp-block-group__inner-container is-layout-constrained wp-block-group-is-layout-constrained\">\n<h4 class=\"wp-block-heading has-medium-font-size\">Hangi g\u00fcnler a\u00e7\u0131ks\u0131n\u0131z?<\/h4>\n\n\n\n<p class=\"has-small-font-size\" style=\"margin-top:12px\">Pazartesi&#8217;den Cumartesi&#8217;ye kadar a\u00e7\u0131\u011f\u0131z.\nPazar g\u00fcnleri kapal\u0131y\u0131z. <\/p>\n<\/div><\/div>\n\n\n\n<div class=\"wp-block-group\" style=\"border-bottom-color:var(--wp--preset--color--tertiary);border-bottom-width:1px;margin-top:0;padding-top:var(--wp--preset--spacing--30);padding-bottom:var(--wp--preset--spacing--30)\"><div class=\"wp-block-group__inner-container is-layout-constrained wp-block-group-is-layout-constrained\">\n<h4 class=\"wp-block-heading has-medium-font-size\">WiFi eri\u015fimi sunuyor musunuz?<\/h4>\n\n\n\n<p class=\"has-small-font-size\" style=\"margin-top:12px\">Evet, m\u00fc\u015fterilerimiz i\u00e7in \u00fccretsiz WiFi eri\u015fimi sunuyoruz.<\/p>\n<\/div><\/div>\n\n\n\n<div class=\"wp-block-group\" style=\"border-bottom-color:var(--wp--preset--color--tertiary);border-bottom-width:1px;margin-top:0;padding-top:var(--wp--preset--spacing--30);padding-bottom:var(--wp--preset--spacing--30)\"><div class=\"wp-block-group__inner-container is-layout-constrained wp-block-group-is-layout-constrained\">\n<h4 class=\"wp-block-heading has-medium-font-size\">Playhouse&#8217;da nas\u0131l masa ay\u0131rtabilirim?<\/h4>\n\n\n\n<p class=\"has-small-font-size\" style=\"margin-top:12px\">Evet, bizimle telefon veya e-posta yoluyla ileti\u015fime ge\u00e7erek masa rezervasyonu yapt\u0131rabilirsiniz.<\/p>\n<\/div><\/div>\n\n\n\n<div class=\"wp-block-group\" style=\"margin-top:0;padding-top:var(--wp--preset--spacing--30);padding-bottom:0\"><div class=\"wp-block-group__inner-container is-layout-constrained wp-block-group-is-layout-constrained\">\n<h4 class=\"wp-block-heading has-medium-font-size\">Kredi kart\u0131 ile \u00f6deme kabul ediyor musunuz?<\/h4>\n\n\n\n<p class=\"has-small-font-size\" style=\"margin-top:12px\">Evet, kredi kart\u0131 ile \u00f6deme kabul ediyoruz.<\/p>\n<\/div><\/div>\n\n\n\n<div class=\"wp-block-group alignwide has-background-background-color has-background is-content-justification-center\" style=\"margin-top:var(--wp--preset--spacing--60);margin-bottom:0;padding-top:var(--wp--preset--spacing--40);padding-right:var(--wp--preset--spacing--30);padding-bottom:var(--wp--preset--spacing--40);padding-left:var(--wp--preset--spacing--30)\"><div class=\"wp-block-group__inner-container is-layout-constrained wp-container-core-group-is-layout-f0465617 wp-block-group-is-layout-constrained\">\n<h3 class=\"wp-block-heading has-text-align-center\" style=\"margin-top:12px\">Bize ula\u015f\u0131n<\/h3>\n\n\n\n<p class=\"has-text-align-center\" style=\"margin-top:16px\">Bize yaz\u0131n ve Var\u015fova&#8217;daki ola\u011fan\u00fcst\u00fc kul\u00fcb\u00fcm\u00fczde bir masa ay\u0131rt\u0131n.<\/p>\n\n\n\n<div class=\"wp-block-buttons is-content-justification-center is-layout-flex wp-container-core-buttons-is-layout-16018d1d wp-block-buttons-is-layout-flex\">\n<div class=\"wp-block-button is-style-fill\"><a class=\"wp-block-button__link wp-element-button\" href=\"https:\/\/playhouse.pl\/kontakt\/\">Daha fazlas\u0131n\u0131 \u00f6\u011frenin<\/a><\/div>\n<\/div>\n<\/div><\/div>\n<\/div><\/div>\n","protected":false},"excerpt":{"rendered":"<p>S\u0131k\u00e7a sorulan sorular: Playhouse hakk\u0131ndaki sorular\u0131n\u0131z\u0131n yan\u0131tlar\u0131na bir g\u00f6z at\u0131n. Muhte\u015fem atmosferimiz, yarat\u0131c\u0131 kokteyllerimiz ve yetenekli dans\u00e7\u0131lar\u0131m\u0131z hakk\u0131nda daha fazla bilgi edinin. Hangi g\u00fcnler a\u00e7\u0131ks\u0131n\u0131z? Pazartesi&#8217;den Cumartesi&#8217;ye kadar a\u00e7\u0131\u011f\u0131z. Pazar g\u00fcnleri kapal\u0131y\u0131z. WiFi eri\u015fimi sunuyor musunuz? Evet, m\u00fc\u015fterilerimiz i\u00e7in \u00fccretsiz WiFi eri\u015fimi sunuyoruz. Playhouse&#8217;da nas\u0131l masa ay\u0131rtabilirim? Evet, bizimle telefon veya e-posta yoluyla ileti\u015fime ge\u00e7erek&#8230;<\/p>\n","protected":false},"author":3,"featured_media":0,"parent":0,"menu_order":0,"comment_status":"closed","ping_status":"closed","template":"","meta":{"_monsterinsights_skip_tracking":false,"_monsterinsights_sitenote_active":false,"_monsterinsights_sitenote_note":"","_monsterinsights_sitenote_category":0,"_kadence_starter_templates_imported_post":false,"_kad_post_transparent":"","_kad_post_title":"","_kad_post_layout":"","_kad_post_sidebar_id":"","_kad_post_content_style":"","_kad_post_vertical_padding":"","_kad_post_feature":"","_kad_post_feature_position":"","_kad_post_header":false,"_kad_post_footer":false,"_kad_post_classname":"","footnotes":""},"class_list":["post-3496","page","type-page","status-publish","hentry"],"aioseo_notices":[],"_links":{"self":[{"href":"https:\/\/playhouse.pl\/tr\/wp-json\/wp\/v2\/pages\/3496","targetHints":{"allow":["GET"]}}],"collection":[{"href":"https:\/\/playhouse.pl\/tr\/wp-json\/wp\/v2\/pages"}],"about":[{"href":"https:\/\/playhouse.pl\/tr\/wp-json\/wp\/v2\/types\/page"}],"author":[{"embeddable":true,"href":"https:\/\/playhouse.pl\/tr\/wp-json\/wp\/v2\/users\/3"}],"replies":[{"embeddable":true,"href":"https:\/\/playhouse.pl\/tr\/wp-json\/wp\/v2\/comments?post=3496"}],"version-history":[{"count":1,"href":"https:\/\/playhouse.pl\/tr\/wp-json\/wp\/v2\/pages\/3496\/revisions"}],"predecessor-version":[{"id":3497,"href":"https:\/\/playhouse.pl\/tr\/wp-json\/wp\/v2\/pages\/3496\/revisions\/3497"}],"wp:attachment":[{"href":"https:\/\/playhouse.pl\/tr\/wp-json\/wp\/v2\/media?parent=3496"}],"curies":[{"name":"wp","href":"https:\/\/api.w.org\/{rel}","templated":true}]}}