{"id":3195,"date":"2024-08-18T20:02:41","date_gmt":"2024-08-18T18:02:41","guid":{"rendered":"https:\/\/playhouse.com.pl\/hizmetler\/"},"modified":"2024-08-21T17:12:17","modified_gmt":"2024-08-21T15:12:17","slug":"hizmetler","status":"publish","type":"page","link":"https:\/\/playhouse.pl\/tr\/hizmetler\/","title":{"rendered":"Hizmetler"},"content":{"rendered":"\n<div class=\"wp-block-group alignfull has-background-background-color has-background\" style=\"margin-top:0;margin-bottom:0;padding-top:0;padding-right:0;padding-bottom:0;padding-left:0\"><div class=\"wp-block-group__inner-container is-layout-constrained wp-container-core-group-is-layout-cf14dc92 wp-block-group-is-layout-constrained\">\n<div class=\"wp-block-cover alignfull\" style=\"padding-top:0;padding-right:var(--wp--preset--spacing--30);padding-bottom:0;padding-left:var(--wp--preset--spacing--30);min-height:50px;aspect-ratio:unset;\"><span aria-hidden=\"true\" class=\"wp-block-cover__background has-black-background-color has-background-dim-60 has-background-dim\"><\/span><img decoding=\"async\" class=\"wp-block-cover__image-background wp-image-32\" alt=\"\" src=\"http:\/\/playhouse.pl\/wp-content\/uploads\/2024\/08\/4306574d24ad4a9ccc26c8b64bdc672706524284.jpg\" data-object-fit=\"cover\" \/><div class=\"wp-block-cover__inner-container is-layout-flow wp-block-cover-is-layout-flow\">\n<div class=\"wp-block-group\" style=\"padding-top:var(--wp--preset--spacing--60);padding-bottom:var(--wp--preset--spacing--60)\"><div class=\"wp-block-group__inner-container is-layout-constrained wp-block-group-is-layout-constrained\">\n<div class=\"wp-block-group alignwide is-content-justification-left\"><div class=\"wp-block-group__inner-container is-layout-constrained wp-container-core-group-is-layout-8c890d92 wp-block-group-is-layout-constrained\">\n<h1 class=\"wp-block-heading has-text-color has-x-large-font-size\" style=\"color:#fffffffc\">Playhouse&#8217;daki Ola\u011fan\u00fcst\u00fc Hizmetlerimiz<\/h1>\n\n\n\n<p class=\"has-text-color\" style=\"color:#fffffffc;margin-top:16px\">Geni\u015f \u00fcr\u00fcn yelpazemizi ke\u015ffedin ve Playhouse&#8217;un neler sunabilece\u011fini g\u00f6r\u00fcn.<\/p>\n<\/div><\/div>\n<\/div><\/div>\n<\/div><\/div>\n<\/div><\/div>\n\n<div class=\"wp-block-group alignfull has-tertiary-background-color has-background\" style=\"margin-top:0;margin-bottom:0;padding-top:var(--wp--preset--spacing--60);padding-right:var(--wp--preset--spacing--30);padding-bottom:var(--wp--preset--spacing--60);padding-left:var(--wp--preset--spacing--30)\"><div class=\"wp-block-group__inner-container is-layout-constrained wp-container-core-group-is-layout-392eb801 wp-block-group-is-layout-constrained\">\n<div class=\"wp-block-group alignwide is-content-justification-left\"><div class=\"wp-block-group__inner-container is-layout-constrained wp-container-core-group-is-layout-eded1d97 wp-block-group-is-layout-constrained\">\n<h2 class=\"wp-block-heading has-large-font-size\">Playhouse&#8217;daki Ola\u011fan\u00fcst\u00fc Hizmetlerimiz<\/h2>\n\n\n\n<p style=\"margin-top:16px\">The Playhouse geni\u015f bir hizmet yelpazesi, profesyonel servis, harika kokteyller ve unutulmaz bir atmosfer sunmaktad\u0131r.\nBekarl\u0131\u011fa veda partileri, kurumsal etkinlikler ve sosyal toplant\u0131lar i\u00e7in ideal bir mekand\u0131r. <\/p>\n<\/div><\/div>\n\n\n\n<div class=\"wp-block-columns alignwide is-layout-flex wp-container-core-columns-is-layout-65786054 wp-block-columns-is-layout-flex\">\n<div class=\"wp-block-column is-layout-flow wp-block-column-is-layout-flow\">\n<figure class=\"wp-block-image ext-aspect-landscape\"><img decoding=\"async\" class=\"wp-image-33\" src=\"http:\/\/playhouse.pl\/wp-content\/uploads\/2024\/08\/9eae812fa8be125c43c58660362b34f220838a6b.jpg\" alt=\"\" style=\"aspect-ratio:4\/3;object-fit:cover\"\/><\/figure>\n\n\n\n<h3 class=\"wp-block-heading\" style=\"margin-top:24px;font-size:20px;line-height:1.5\">\u015eehirdeki en iyi kokteyller<\/h3>\n\n\n\n<p class=\"has-small-font-size\" style=\"margin-top:8px\">Teklifimiz: geni\u015f kokteyl se\u00e7enekleri, en iyi alkoll\u00fc i\u00e7kiler, deneyimli barmenler.<\/p>\n<\/div>\n\n\n\n<div class=\"wp-block-column is-layout-flow wp-block-column-is-layout-flow\">\n<figure class=\"wp-block-image ext-aspect-landscape\"><img decoding=\"async\" class=\"wp-image-34\" src=\"http:\/\/playhouse.pl\/wp-content\/uploads\/2024\/08\/8dc370134cb1672a934fecc140fb451487d93b8f.jpg\" alt=\"\" style=\"aspect-ratio:4\/3;object-fit:cover\"\/><\/figure>\n\n\n\n<h3 class=\"wp-block-heading\" style=\"margin-top:24px;font-size:20px;line-height:1.5\">Tutkuyla yarat\u0131lan ola\u011fan\u00fcst\u00fc kokteyller<\/h3>\n\n\n\n<p class=\"has-small-font-size\" style=\"margin-top:8px\">Playhouse&#8217;da sizi bar deneyimleriyle dolu unutulmaz bir yolculu\u011fa \u00e7\u0131karacak b\u00fcy\u00fcl\u00fc kokteylleri ke\u015ffedeceksiniz.<\/p>\n<\/div>\n\n\n\n<div class=\"wp-block-column is-layout-flow wp-block-column-is-layout-flow\">\n<figure class=\"wp-block-image ext-aspect-landscape\"><img decoding=\"async\" class=\"wp-image-35\" src=\"http:\/\/playhouse.pl\/wp-content\/uploads\/2024\/08\/223b061d481ae3213b7ddc6ef82fc1bee1be9a5c.jpg\" alt=\"\" style=\"aspect-ratio:4\/3;object-fit:cover\"\/><\/figure>\n\n\n\n<h3 class=\"wp-block-heading\" style=\"margin-top:24px;font-size:20px;line-height:1.5\">\u00d6zel toplant\u0131 alanlar\u0131<\/h3>\n\n\n\n<p class=\"has-small-font-size\" style=\"margin-top:8px\">\u0130\u015f toplant\u0131lar\u0131 i\u00e7in ideal bir yer.\nProfesyonel hizmet ve zarif i\u00e7 mekan. <\/p>\n<\/div>\n<\/div>\n<\/div><\/div>\n\n<div class=\"wp-block-group alignfull has-background-background-color has-background\" style=\"margin-top:0;margin-bottom:0;padding-top:var(--wp--preset--spacing--50);padding-right:var(--wp--preset--spacing--30);padding-bottom:var(--wp--preset--spacing--60);padding-left:var(--wp--preset--spacing--30)\"><div class=\"wp-block-group__inner-container is-layout-constrained wp-container-core-group-is-layout-dddc33e4 wp-block-group-is-layout-constrained\">\n<div class=\"wp-block-group alignwide is-content-justification-left\"><div class=\"wp-block-group__inner-container is-layout-constrained wp-container-core-group-is-layout-8c890d92 wp-block-group-is-layout-constrained\">\n<h2 class=\"wp-block-heading has-large-font-size\">Neden Playhouse?<\/h2>\n\n\n\n<p style=\"margin-top:16px\">Playhouse, bizi ziyaret etmek i\u00e7in bir\u00e7ok neden sunan en iyi striptiz kul\u00fcb\u00fcd\u00fcr.<\/p>\n<\/div><\/div>\n\n\n\n<div class=\"wp-block-columns alignwide is-layout-flex wp-container-core-columns-is-layout-30f78326 wp-block-columns-is-layout-flex\">\n<div class=\"wp-block-column is-layout-flow wp-block-column-is-layout-flow\">\n<figure class=\"wp-block-image\"><img decoding=\"async\" class=\"wp-image-36\" src=\"http:\/\/playhouse.pl\/wp-content\/uploads\/2024\/08\/98464230462cd37399ae23304f0fc10926a3bf52.jpg\" alt=\"\" style=\"aspect-ratio:1;object-fit:cover\"\/><\/figure>\n<\/div>\n\n\n\n<div class=\"wp-block-column is-layout-flow wp-block-column-is-layout-flow\">\n<div class=\"wp-block-group\"><div class=\"wp-block-group__inner-container is-layout-constrained wp-block-group-is-layout-constrained\">\n<h3 class=\"wp-block-heading\" style=\"font-size:20px;line-height:1.5\">Heyecan dolu unutulmaz ak\u015famlar<\/h3>\n\n\n\n<p class=\"has-small-font-size\" style=\"margin-top:8px\">Playhouse &#8211; g\u00fczel dans\u00e7\u0131lar ve m\u00fckemmel i\u00e7ecekler e\u015fli\u011finde unutulmaz anlar ya\u015fayaca\u011f\u0131n\u0131z e\u015fsiz bir atmosfere sahip bir kul\u00fcp.<\/p>\n<\/div><\/div>\n\n\n\n<div class=\"wp-block-group\"><div class=\"wp-block-group__inner-container is-layout-constrained wp-block-group-is-layout-constrained\">\n<h3 class=\"wp-block-heading\" style=\"font-size:20px;line-height:1.5\">Barmenlerimiz &#8211; miksoloji uzmanlar\u0131<\/h3>\n\n\n\n<p class=\"has-small-font-size\" style=\"margin-top:8px\">M\u00fckemmel i\u00e7kiyi se\u00e7menize yard\u0131mc\u0131 olacak kapsaml\u0131 bilgiye sahip deneyimli barmenler.<\/p>\n<\/div><\/div>\n\n\n\n<div class=\"wp-block-group\"><div class=\"wp-block-group__inner-container is-layout-constrained wp-block-group-is-layout-constrained\">\n<h3 class=\"wp-block-heading\" style=\"font-size:20px;line-height:1.5\">E\u015fsiz bir atmosfer ve m\u00fckemmel i\u00e7ecekler<\/h3>\n\n\n\n<p class=\"has-small-font-size\" style=\"margin-top:8px\">Var\u015fova&#8217;daki en iyi kul\u00fcp.\nUnutulmaz bir atmosfer, m\u00fckemmel i\u00e7ecekler.\nGeceler ve unutulmaz partiler i\u00e7in m\u00fckemmel bir yer.  <\/p>\n<\/div><\/div>\n<\/div>\n\n\n\n<div class=\"wp-block-column is-layout-flow wp-block-column-is-layout-flow\">\n<div class=\"wp-block-group\"><div class=\"wp-block-group__inner-container is-layout-constrained wp-block-group-is-layout-constrained\">\n<h3 class=\"wp-block-heading\" style=\"font-size:20px;line-height:1.5\">\u00d6zel ve sofistike i\u00e7ecekler<\/h3>\n\n\n\n<p class=\"has-small-font-size\" style=\"margin-top:8px\">Barmenlerimiz miksolojinin ger\u00e7ek ustalar\u0131d\u0131r.\nE\u015fsiz i\u00e7eceklerimizi deneyin. <\/p>\n<\/div><\/div>\n\n\n\n<div class=\"wp-block-group\"><div class=\"wp-block-group__inner-container is-layout-constrained wp-block-group-is-layout-constrained\">\n<h3 class=\"wp-block-heading\" style=\"font-size:20px;line-height:1.5\">Her durum i\u00e7in m\u00fckemmel bir yer<\/h3>\n\n\n\n<p class=\"has-small-font-size\" style=\"margin-top:8px\">Randevular, i\u015f ve arkada\u015f bulu\u015fmalar\u0131 i\u00e7in m\u00fckemmel bir yer &#8211; Playhouse.<\/p>\n<\/div><\/div>\n<\/div>\n<\/div>\n<\/div><\/div>\n\n<div class=\"wp-block-group alignfull has-tertiary-background-color has-background\" style=\"margin-top:0;margin-bottom:0;padding-top:var(--wp--preset--spacing--60);padding-right:var(--wp--preset--spacing--30);padding-bottom:var(--wp--preset--spacing--60);padding-left:var(--wp--preset--spacing--30)\"><div class=\"wp-block-group__inner-container is-layout-constrained wp-container-core-group-is-layout-392eb801 wp-block-group-is-layout-constrained\">\n<div class=\"wp-block-group alignwide has-background-background-color has-background is-content-justification-space-between is-layout-flex wp-container-core-group-is-layout-1614da31 wp-block-group-is-layout-flex\" style=\"padding-top:var(--wp--preset--spacing--50);padding-right:var(--wp--preset--spacing--50);padding-bottom:var(--wp--preset--spacing--50);padding-left:var(--wp--preset--spacing--50)\">\n<div class=\"wp-block-group\"><div class=\"wp-block-group__inner-container is-layout-constrained wp-block-group-is-layout-constrained\">\n<h2 class=\"wp-block-heading has-large-font-size\">Bug\u00fcn bizi Playhouse&#8217;da ziyaret edin!<\/h2>\n\n\n\n<p style=\"margin-top:16px\">Playhouse&#8217;a ho\u015f geldiniz &#8211; d\u00fcnyan\u0131n en iyi striptiz kul\u00fcb\u00fc!\nYarat\u0131c\u0131 kokteyllerle rahatlay\u0131n ve unutulmaz bir atmosferin tad\u0131n\u0131 \u00e7\u0131kar\u0131n. <\/p>\n<\/div><\/div>\n\n\n\n<div class=\"wp-block-buttons is-content-justification-left is-layout-flex wp-container-core-buttons-is-layout-0934dcb1 wp-block-buttons-is-layout-flex\">\n<div class=\"wp-block-button is-style-outline is-style-outline--1\"><a class=\"wp-block-button__link wp-element-button\" href=\"https:\/\/playhouse.pl\/o-nas\/\">Hizmetlerimize g\u00f6z at\u0131n<\/a><\/div>\n\n\n\n<div class=\"wp-block-button\"><a class=\"wp-block-button__link wp-element-button\" href=\"https:\/\/playhouse.pl\/kontakt\/\">Masa ay\u0131rt\u0131n<\/a><\/div>\n<\/div>\n<\/div>\n<\/div><\/div>\n","protected":false},"excerpt":{"rendered":"<p>Playhouse&#8217;daki Ola\u011fan\u00fcst\u00fc Hizmetlerimiz The Playhouse geni\u015f bir hizmet yelpazesi, profesyonel servis, harika kokteyller ve unutulmaz bir atmosfer sunmaktad\u0131r. Bekarl\u0131\u011fa veda partileri, kurumsal etkinlikler ve sosyal toplant\u0131lar i\u00e7in ideal bir mekand\u0131r. \u015eehirdeki en iyi kokteyller Teklifimiz: geni\u015f kokteyl se\u00e7enekleri, en iyi alkoll\u00fc i\u00e7kiler, deneyimli barmenler. Tutkuyla yarat\u0131lan ola\u011fan\u00fcst\u00fc kokteyller Playhouse&#8217;da sizi bar deneyimleriyle dolu unutulmaz bir&#8230;<\/p>\n","protected":false},"author":3,"featured_media":0,"parent":0,"menu_order":0,"comment_status":"closed","ping_status":"closed","template":"","meta":{"_monsterinsights_skip_tracking":false,"_monsterinsights_sitenote_active":false,"_monsterinsights_sitenote_note":"","_monsterinsights_sitenote_category":0,"_kadence_starter_templates_imported_post":false,"_kad_post_transparent":"","_kad_post_title":"","_kad_post_layout":"","_kad_post_sidebar_id":"","_kad_post_content_style":"","_kad_post_vertical_padding":"","_kad_post_feature":"","_kad_post_feature_position":"","_kad_post_header":false,"_kad_post_footer":false,"_kad_post_classname":"","footnotes":""},"class_list":["post-3195","page","type-page","status-publish","hentry"],"aioseo_notices":[],"_links":{"self":[{"href":"https:\/\/playhouse.pl\/tr\/wp-json\/wp\/v2\/pages\/3195","targetHints":{"allow":["GET"]}}],"collection":[{"href":"https:\/\/playhouse.pl\/tr\/wp-json\/wp\/v2\/pages"}],"about":[{"href":"https:\/\/playhouse.pl\/tr\/wp-json\/wp\/v2\/types\/page"}],"author":[{"embeddable":true,"href":"https:\/\/playhouse.pl\/tr\/wp-json\/wp\/v2\/users\/3"}],"replies":[{"embeddable":true,"href":"https:\/\/playhouse.pl\/tr\/wp-json\/wp\/v2\/comments?post=3195"}],"version-history":[{"count":1,"href":"https:\/\/playhouse.pl\/tr\/wp-json\/wp\/v2\/pages\/3195\/revisions"}],"predecessor-version":[{"id":3198,"href":"https:\/\/playhouse.pl\/tr\/wp-json\/wp\/v2\/pages\/3195\/revisions\/3198"}],"wp:attachment":[{"href":"https:\/\/playhouse.pl\/tr\/wp-json\/wp\/v2\/media?parent=3195"}],"curies":[{"name":"wp","href":"https:\/\/api.w.org\/{rel}","templated":true}]}}