{"id":3609,"date":"2024-08-18T20:02:42","date_gmt":"2024-08-18T18:02:42","guid":{"rendered":"https:\/\/playhouse.com.pl\/kontakt\/"},"modified":"2024-08-21T17:19:57","modified_gmt":"2024-08-21T15:19:57","slug":"kontakt","status":"publish","type":"page","link":"https:\/\/playhouse.pl\/sv\/kontakt\/","title":{"rendered":"Kontakt"},"content":{"rendered":"\n<div class=\"wp-block-group alignfull has-background-background-color has-background\" style=\"margin-top:0;margin-bottom:0;padding-top:0;padding-right:0;padding-bottom:0;padding-left:0\"><div class=\"wp-block-group__inner-container is-layout-constrained wp-container-core-group-is-layout-cf14dc92 wp-block-group-is-layout-constrained\">\n<div class=\"wp-block-cover alignfull\" style=\"padding-top:0;padding-right:var(--wp--preset--spacing--30);padding-bottom:0;padding-left:var(--wp--preset--spacing--30);min-height:50px;aspect-ratio:unset;\"><span aria-hidden=\"true\" class=\"wp-block-cover__background has-black-background-color has-background-dim-60 has-background-dim\"><\/span><img decoding=\"async\" class=\"wp-block-cover__image-background wp-image-32\" alt=\"\" src=\"http:\/\/playhouse.pl\/wp-content\/uploads\/2024\/08\/4306574d24ad4a9ccc26c8b64bdc672706524284.jpg\" data-object-fit=\"cover\" \/><div class=\"wp-block-cover__inner-container is-layout-flow wp-block-cover-is-layout-flow\">\n<div class=\"wp-block-group\" style=\"padding-top:var(--wp--preset--spacing--60);padding-bottom:var(--wp--preset--spacing--60)\"><div class=\"wp-block-group__inner-container is-layout-constrained wp-block-group-is-layout-constrained\">\n<div class=\"wp-block-group alignwide is-content-justification-left\"><div class=\"wp-block-group__inner-container is-layout-constrained wp-container-core-group-is-layout-8c890d92 wp-block-group-is-layout-constrained\">\n<h1 class=\"wp-block-heading has-text-color has-x-large-font-size\" style=\"color:#fffffffc\">Har du n\u00e5gra fr\u00e5gor eller funderingar?\nH\u00f6r av dig till oss! <\/h1>\n\n\n\n<p class=\"has-text-color\" style=\"color:#fffffffc;margin-top:16px\">V\u00e4lkommen att h\u00f6ra av dig &#8211; ring oss och f\u00e5 veta mer om Playhouse!<\/p>\n<\/div><\/div>\n<\/div><\/div>\n<\/div><\/div>\n<\/div><\/div>\n\n<div class=\"wp-block-group alignfull has-tertiary-background-color has-background\" style=\"margin-top:0;margin-bottom:0;padding-top:var(--wp--preset--spacing--60);padding-right:var(--wp--preset--spacing--30);padding-bottom:var(--wp--preset--spacing--60);padding-left:var(--wp--preset--spacing--30)\"><div class=\"wp-block-group__inner-container is-layout-constrained wp-container-core-group-is-layout-392eb801 wp-block-group-is-layout-constrained\">\n<div class=\"wp-block-columns alignwide is-layout-flex wp-container-core-columns-is-layout-6b2998fd wp-block-columns-is-layout-flex\">\n<div class=\"wp-block-column is-layout-flow wp-block-column-is-layout-flow\" style=\"flex-basis:50%\">\n<div class=\"wp-block-group\"><div class=\"wp-block-group__inner-container is-layout-flow wp-block-group-is-layout-flow\">\n<h4 class=\"wp-block-heading has-medium-font-size\">Vilka dagar \u00e4r du \u00f6ppen?<\/h4>\n\n\n\n<p class=\"has-small-font-size\" style=\"margin-top:12px\">Vi har \u00f6ppet m\u00e5ndag till l\u00f6rdag.\nS\u00f6ndag st\u00e4ngt. <\/p>\n<\/div><\/div>\n\n\n\n<hr class=\"wp-block-separator has-text-color has-tertiary-color has-alpha-channel-opacity has-background-background-color has-background is-style-wide\" \/>\n\n\n\n<div class=\"wp-block-group\"><div class=\"wp-block-group__inner-container is-layout-flow wp-block-group-is-layout-flow\">\n<h4 class=\"wp-block-heading has-medium-font-size\">Erbjuder ni WiFi?<\/h4>\n\n\n\n<p class=\"has-small-font-size\" style=\"margin-top:12px\">Ja, vi erbjuder WiFi f\u00f6r v\u00e5ra kunder.<\/p>\n<\/div><\/div>\n\n\n\n<hr class=\"wp-block-separator has-text-color has-tertiary-color has-alpha-channel-opacity has-background-background-color has-background is-style-wide\" \/>\n\n\n\n<div class=\"wp-block-group\"><div class=\"wp-block-group__inner-container is-layout-flow wp-block-group-is-layout-flow\">\n<h4 class=\"wp-block-heading has-medium-font-size\">Hur bokar jag ett bord p\u00e5 Playhouse?<\/h4>\n\n\n\n<p class=\"has-small-font-size\" style=\"margin-top:12px\">Ja, du kan boka bord genom att kontakta oss via telefon eller e-post.<\/p>\n<\/div><\/div>\n<\/div>\n\n\n\n<div class=\"wp-block-column is-layout-flow wp-block-column-is-layout-flow\" style=\"flex-basis:50%\">\n<h2 class=\"wp-block-heading has-large-font-size\">Skriv till oss och boka bord p\u00e5 v\u00e5r exklusiva klubb i Warszawa.<\/h2>\n\n\n\n<p><strong>ul.\nMarsza\u0142kowska 1 <\/strong><\/p>\n\n\n\n<p style=\"margin-top:0\"><strong>00-001 Warszawa<\/strong><\/p>\n\n\n\n<p class=\"has-small-font-size\" style=\"margin-top:8px\">987 654 321<\/p>\n\n\n\n<p class=\"has-small-font-size\" style=\"margin-top:8px\">kontakt@playhouse.com<\/p>\n<\/div>\n<\/div>\n<\/div><\/div>\n","protected":false},"excerpt":{"rendered":"<p>Vilka dagar \u00e4r du \u00f6ppen? Vi har \u00f6ppet m\u00e5ndag till l\u00f6rdag. S\u00f6ndag st\u00e4ngt. Erbjuder ni WiFi? Ja, vi erbjuder WiFi f\u00f6r v\u00e5ra kunder. Hur bokar jag ett bord p\u00e5 Playhouse? Ja, du kan boka bord genom att kontakta oss via telefon eller e-post. Skriv till oss och boka bord p\u00e5 v\u00e5r exklusiva klubb i Warszawa&#8230;.<\/p>\n","protected":false},"author":3,"featured_media":0,"parent":0,"menu_order":0,"comment_status":"closed","ping_status":"closed","template":"","meta":{"_monsterinsights_skip_tracking":false,"_monsterinsights_sitenote_active":false,"_monsterinsights_sitenote_note":"","_monsterinsights_sitenote_category":0,"_kadence_starter_templates_imported_post":false,"_kad_post_transparent":"","_kad_post_title":"","_kad_post_layout":"","_kad_post_sidebar_id":"","_kad_post_content_style":"","_kad_post_vertical_padding":"","_kad_post_feature":"","_kad_post_feature_position":"","_kad_post_header":false,"_kad_post_footer":false,"_kad_post_classname":"","footnotes":""},"class_list":["post-3609","page","type-page","status-publish","hentry"],"aioseo_notices":[],"_links":{"self":[{"href":"https:\/\/playhouse.pl\/sv\/wp-json\/wp\/v2\/pages\/3609","targetHints":{"allow":["GET"]}}],"collection":[{"href":"https:\/\/playhouse.pl\/sv\/wp-json\/wp\/v2\/pages"}],"about":[{"href":"https:\/\/playhouse.pl\/sv\/wp-json\/wp\/v2\/types\/page"}],"author":[{"embeddable":true,"href":"https:\/\/playhouse.pl\/sv\/wp-json\/wp\/v2\/users\/3"}],"replies":[{"embeddable":true,"href":"https:\/\/playhouse.pl\/sv\/wp-json\/wp\/v2\/comments?post=3609"}],"version-history":[{"count":1,"href":"https:\/\/playhouse.pl\/sv\/wp-json\/wp\/v2\/pages\/3609\/revisions"}],"predecessor-version":[{"id":3610,"href":"https:\/\/playhouse.pl\/sv\/wp-json\/wp\/v2\/pages\/3609\/revisions\/3610"}],"wp:attachment":[{"href":"https:\/\/playhouse.pl\/sv\/wp-json\/wp\/v2\/media?parent=3609"}],"curies":[{"name":"wp","href":"https:\/\/api.w.org\/{rel}","templated":true}]}}