{"id":3514,"date":"2024-08-18T20:02:43","date_gmt":"2024-08-18T18:02:43","guid":{"rendered":"https:\/\/playhouse.com.pl\/vanlige-sporsmal\/"},"modified":"2024-08-21T17:18:56","modified_gmt":"2024-08-21T15:18:56","slug":"vanlige-sporsmal","status":"publish","type":"page","link":"https:\/\/playhouse.pl\/no\/vanlige-sporsmal\/","title":{"rendered":"VANLIGE SP\u00d8RSM\u00c5L"},"content":{"rendered":"\n<div class=\"wp-block-group alignfull has-background-background-color has-background\" style=\"margin-top:0;margin-bottom:0;padding-top:0;padding-right:0;padding-bottom:0;padding-left:0\"><div class=\"wp-block-group__inner-container is-layout-constrained wp-container-core-group-is-layout-cf14dc92 wp-block-group-is-layout-constrained\">\n<div class=\"wp-block-cover alignfull\" style=\"padding-top:0;padding-right:var(--wp--preset--spacing--30);padding-bottom:0;padding-left:var(--wp--preset--spacing--30);min-height:50px;aspect-ratio:unset;\"><span aria-hidden=\"true\" class=\"wp-block-cover__background has-black-background-color has-background-dim-60 has-background-dim\"><\/span><img decoding=\"async\" class=\"wp-block-cover__image-background wp-image-32\" alt=\"\" src=\"http:\/\/playhouse.pl\/wp-content\/uploads\/2024\/08\/4306574d24ad4a9ccc26c8b64bdc672706524284.jpg\" data-object-fit=\"cover\" \/><div class=\"wp-block-cover__inner-container is-layout-flow wp-block-cover-is-layout-flow\">\n<div class=\"wp-block-group\" style=\"padding-top:var(--wp--preset--spacing--60);padding-bottom:var(--wp--preset--spacing--60)\"><div class=\"wp-block-group__inner-container is-layout-constrained wp-block-group-is-layout-constrained\">\n<div class=\"wp-block-group alignwide is-content-justification-left\"><div class=\"wp-block-group__inner-container is-layout-constrained wp-container-core-group-is-layout-8c890d92 wp-block-group-is-layout-constrained\">\n<h1 class=\"wp-block-heading has-text-color has-x-large-font-size\" style=\"color:#fffffffc\">Ofte stilte sp\u00f8rsm\u00e5l<\/h1>\n\n\n\n<p class=\"has-text-color\" style=\"color:#fffffffc;margin-top:16px\">Ofte stilte sp\u00f8rsm\u00e5l om Playhouse.\nHer finner du svar p\u00e5 alle sp\u00f8rsm\u00e5lene dine og informasjonen du trenger! <\/p>\n<\/div><\/div>\n<\/div><\/div>\n<\/div><\/div>\n<\/div><\/div>\n\n<div class=\"wp-block-group alignfull has-tertiary-background-color has-background\" style=\"margin-top:0;margin-bottom:0;padding-top:var(--wp--preset--spacing--60);padding-right:var(--wp--preset--spacing--30);padding-bottom:var(--wp--preset--spacing--60);padding-left:var(--wp--preset--spacing--30)\"><div class=\"wp-block-group__inner-container is-layout-constrained wp-container-core-group-is-layout-392eb801 wp-block-group-is-layout-constrained\">\n<div class=\"wp-block-group alignwide is-content-justification-center\" style=\"margin-bottom:var(--wp--preset--spacing--30)\"><div class=\"wp-block-group__inner-container is-layout-constrained wp-block-group-is-layout-constrained\">\n<h2 class=\"wp-block-heading has-text-align-center has-large-font-size\">Ofte stilte sp\u00f8rsm\u00e5l:<\/h2>\n\n\n\n<p class=\"has-text-align-center\" style=\"margin-top:16px\">Ta en titt p\u00e5 svarene p\u00e5 sp\u00f8rsm\u00e5lene dine om Playhouse.\nFinn ut mer om v\u00e5r fantastiske atmosf\u00e6re, kreative cocktails og talentfulle dansere. <\/p>\n<\/div><\/div>\n\n\n\n<div class=\"wp-block-group\" style=\"border-bottom-color:var(--wp--preset--color--tertiary);border-bottom-width:1px;margin-top:0;padding-top:var(--wp--preset--spacing--30);padding-bottom:var(--wp--preset--spacing--30)\"><div class=\"wp-block-group__inner-container is-layout-constrained wp-block-group-is-layout-constrained\">\n<h4 class=\"wp-block-heading has-medium-font-size\">Hvilke dager har dere \u00e5pent?<\/h4>\n\n\n\n<p class=\"has-small-font-size\" style=\"margin-top:12px\">Vi har \u00e5pent fra mandag til l\u00f8rdag.\nStengt p\u00e5 s\u00f8ndag. <\/p>\n<\/div><\/div>\n\n\n\n<div class=\"wp-block-group\" style=\"border-bottom-color:var(--wp--preset--color--tertiary);border-bottom-width:1px;margin-top:0;padding-top:var(--wp--preset--spacing--30);padding-bottom:var(--wp--preset--spacing--30)\"><div class=\"wp-block-group__inner-container is-layout-constrained wp-block-group-is-layout-constrained\">\n<h4 class=\"wp-block-heading has-medium-font-size\">Tilbyr dere WiFi-tilgang?<\/h4>\n\n\n\n<p class=\"has-small-font-size\" style=\"margin-top:12px\">Ja, vi tilbyr gratis WiFi-tilgang for v\u00e5re kunder.<\/p>\n<\/div><\/div>\n\n\n\n<div class=\"wp-block-group\" style=\"border-bottom-color:var(--wp--preset--color--tertiary);border-bottom-width:1px;margin-top:0;padding-top:var(--wp--preset--spacing--30);padding-bottom:var(--wp--preset--spacing--30)\"><div class=\"wp-block-group__inner-container is-layout-constrained wp-block-group-is-layout-constrained\">\n<h4 class=\"wp-block-heading has-medium-font-size\">Hvordan bestiller jeg bord p\u00e5 Playhouse?<\/h4>\n\n\n\n<p class=\"has-small-font-size\" style=\"margin-top:12px\">Ja, du kan bestille bord ved \u00e5 kontakte oss via telefon eller e-post.<\/p>\n<\/div><\/div>\n\n\n\n<div class=\"wp-block-group\" style=\"margin-top:0;padding-top:var(--wp--preset--spacing--30);padding-bottom:0\"><div class=\"wp-block-group__inner-container is-layout-constrained wp-block-group-is-layout-constrained\">\n<h4 class=\"wp-block-heading has-medium-font-size\">Godtar dere betaling med kredittkort?<\/h4>\n\n\n\n<p class=\"has-small-font-size\" style=\"margin-top:12px\">Ja, vi godtar betaling med kredittkort.<\/p>\n<\/div><\/div>\n\n\n\n<div class=\"wp-block-group alignwide has-background-background-color has-background is-content-justification-center\" style=\"margin-top:var(--wp--preset--spacing--60);margin-bottom:0;padding-top:var(--wp--preset--spacing--40);padding-right:var(--wp--preset--spacing--30);padding-bottom:var(--wp--preset--spacing--40);padding-left:var(--wp--preset--spacing--30)\"><div class=\"wp-block-group__inner-container is-layout-constrained wp-container-core-group-is-layout-f0465617 wp-block-group-is-layout-constrained\">\n<h3 class=\"wp-block-heading has-text-align-center\" style=\"margin-top:12px\">Kontakt oss<\/h3>\n\n\n\n<p class=\"has-text-align-center\" style=\"margin-top:16px\">Skriv til oss og bestill bord p\u00e5 v\u00e5r ekstraordin\u00e6re klubb i Warszawa.<\/p>\n\n\n\n<div class=\"wp-block-buttons is-content-justification-center is-layout-flex wp-container-core-buttons-is-layout-16018d1d wp-block-buttons-is-layout-flex\">\n<div class=\"wp-block-button is-style-fill\"><a class=\"wp-block-button__link wp-element-button\" href=\"https:\/\/playhouse.pl\/kontakt\/\">Finn ut mer om dette<\/a><\/div>\n<\/div>\n<\/div><\/div>\n<\/div><\/div>\n","protected":false},"excerpt":{"rendered":"<p>Ofte stilte sp\u00f8rsm\u00e5l: Ta en titt p\u00e5 svarene p\u00e5 sp\u00f8rsm\u00e5lene dine om Playhouse. Finn ut mer om v\u00e5r fantastiske atmosf\u00e6re, kreative cocktails og talentfulle dansere. Hvilke dager har dere \u00e5pent? Vi har \u00e5pent fra mandag til l\u00f8rdag. Stengt p\u00e5 s\u00f8ndag. Tilbyr dere WiFi-tilgang? Ja, vi tilbyr gratis WiFi-tilgang for v\u00e5re kunder. Hvordan bestiller jeg bord&#8230;<\/p>\n","protected":false},"author":3,"featured_media":0,"parent":0,"menu_order":0,"comment_status":"closed","ping_status":"closed","template":"","meta":{"_monsterinsights_skip_tracking":false,"_monsterinsights_sitenote_active":false,"_monsterinsights_sitenote_note":"","_monsterinsights_sitenote_category":0,"_kadence_starter_templates_imported_post":false,"_kad_post_transparent":"","_kad_post_title":"","_kad_post_layout":"","_kad_post_sidebar_id":"","_kad_post_content_style":"","_kad_post_vertical_padding":"","_kad_post_feature":"","_kad_post_feature_position":"","_kad_post_header":false,"_kad_post_footer":false,"_kad_post_classname":"","footnotes":""},"class_list":["post-3514","page","type-page","status-publish","hentry"],"aioseo_notices":[],"_links":{"self":[{"href":"https:\/\/playhouse.pl\/no\/wp-json\/wp\/v2\/pages\/3514","targetHints":{"allow":["GET"]}}],"collection":[{"href":"https:\/\/playhouse.pl\/no\/wp-json\/wp\/v2\/pages"}],"about":[{"href":"https:\/\/playhouse.pl\/no\/wp-json\/wp\/v2\/types\/page"}],"author":[{"embeddable":true,"href":"https:\/\/playhouse.pl\/no\/wp-json\/wp\/v2\/users\/3"}],"replies":[{"embeddable":true,"href":"https:\/\/playhouse.pl\/no\/wp-json\/wp\/v2\/comments?post=3514"}],"version-history":[{"count":1,"href":"https:\/\/playhouse.pl\/no\/wp-json\/wp\/v2\/pages\/3514\/revisions"}],"predecessor-version":[{"id":3517,"href":"https:\/\/playhouse.pl\/no\/wp-json\/wp\/v2\/pages\/3514\/revisions\/3517"}],"wp:attachment":[{"href":"https:\/\/playhouse.pl\/no\/wp-json\/wp\/v2\/media?parent=3514"}],"curies":[{"name":"wp","href":"https:\/\/api.w.org\/{rel}","templated":true}]}}