{"id":3180,"date":"2024-08-18T20:02:41","date_gmt":"2024-08-18T18:02:41","guid":{"rendered":"https:\/\/playhouse.com.pl\/services\/"},"modified":"2024-08-21T17:12:13","modified_gmt":"2024-08-21T15:12:13","slug":"services","status":"publish","type":"page","link":"https:\/\/playhouse.pl\/fr\/services\/","title":{"rendered":"Services"},"content":{"rendered":"\n<div class=\"wp-block-group alignfull has-background-background-color has-background\" style=\"margin-top:0;margin-bottom:0;padding-top:0;padding-right:0;padding-bottom:0;padding-left:0\"><div class=\"wp-block-group__inner-container is-layout-constrained wp-container-core-group-is-layout-cf14dc92 wp-block-group-is-layout-constrained\">\n<div class=\"wp-block-cover alignfull\" style=\"padding-top:0;padding-right:var(--wp--preset--spacing--30);padding-bottom:0;padding-left:var(--wp--preset--spacing--30);min-height:50px;aspect-ratio:unset;\"><span aria-hidden=\"true\" class=\"wp-block-cover__background has-black-background-color has-background-dim-60 has-background-dim\"><\/span><img decoding=\"async\" class=\"wp-block-cover__image-background wp-image-32\" alt=\"\" src=\"http:\/\/playhouse.pl\/wp-content\/uploads\/2024\/08\/4306574d24ad4a9ccc26c8b64bdc672706524284.jpg\" data-object-fit=\"cover\" \/><div class=\"wp-block-cover__inner-container is-layout-flow wp-block-cover-is-layout-flow\">\n<div class=\"wp-block-group\" style=\"padding-top:var(--wp--preset--spacing--60);padding-bottom:var(--wp--preset--spacing--60)\"><div class=\"wp-block-group__inner-container is-layout-constrained wp-block-group-is-layout-constrained\">\n<div class=\"wp-block-group alignwide is-content-justification-left\"><div class=\"wp-block-group__inner-container is-layout-constrained wp-container-core-group-is-layout-8c890d92 wp-block-group-is-layout-constrained\">\n<h1 class=\"wp-block-heading has-text-color has-x-large-font-size\" style=\"color:#fffffffc\">Nos services exceptionnels au Playhouse<\/h1>\n\n\n\n<p class=\"has-text-color\" style=\"color:#fffffffc;margin-top:16px\">D\u00e9couvrez notre vaste gamme et voyez ce que le Playhouse a \u00e0 offrir.<\/p>\n<\/div><\/div>\n<\/div><\/div>\n<\/div><\/div>\n<\/div><\/div>\n\n<div class=\"wp-block-group alignfull has-tertiary-background-color has-background\" style=\"margin-top:0;margin-bottom:0;padding-top:var(--wp--preset--spacing--60);padding-right:var(--wp--preset--spacing--30);padding-bottom:var(--wp--preset--spacing--60);padding-left:var(--wp--preset--spacing--30)\"><div class=\"wp-block-group__inner-container is-layout-constrained wp-container-core-group-is-layout-392eb801 wp-block-group-is-layout-constrained\">\n<div class=\"wp-block-group alignwide is-content-justification-left\"><div class=\"wp-block-group__inner-container is-layout-constrained wp-container-core-group-is-layout-eded1d97 wp-block-group-is-layout-constrained\">\n<h2 class=\"wp-block-heading has-large-font-size\">Nos services exceptionnels au Playhouse<\/h2>\n\n\n\n<p style=\"margin-top:16px\">Le Playhouse offre une large gamme de services, un service professionnel, de superbes cocktails et une atmosph\u00e8re inoubliable.\nUn lieu id\u00e9al pour les enterrements de vie de gar\u00e7on, les \u00e9v\u00e9nements d&rsquo;entreprise et les r\u00e9unions sociales. <\/p>\n<\/div><\/div>\n\n\n\n<div class=\"wp-block-columns alignwide is-layout-flex wp-container-core-columns-is-layout-65786054 wp-block-columns-is-layout-flex\">\n<div class=\"wp-block-column is-layout-flow wp-block-column-is-layout-flow\">\n<figure class=\"wp-block-image ext-aspect-landscape\"><img decoding=\"async\" class=\"wp-image-33\" src=\"http:\/\/playhouse.pl\/wp-content\/uploads\/2024\/08\/9eae812fa8be125c43c58660362b34f220838a6b.jpg\" alt=\"\" style=\"aspect-ratio:4\/3;object-fit:cover\"\/><\/figure>\n\n\n\n<h3 class=\"wp-block-heading\" style=\"margin-top:24px;font-size:20px;line-height:1.5\">Les meilleurs cocktails de la ville<\/h3>\n\n\n\n<p class=\"has-small-font-size\" style=\"margin-top:8px\">Notre offre : large s\u00e9lection de cocktails, meilleurs spiritueux, barmen exp\u00e9riment\u00e9s.<\/p>\n<\/div>\n\n\n\n<div class=\"wp-block-column is-layout-flow wp-block-column-is-layout-flow\">\n<figure class=\"wp-block-image ext-aspect-landscape\"><img decoding=\"async\" class=\"wp-image-34\" src=\"http:\/\/playhouse.pl\/wp-content\/uploads\/2024\/08\/8dc370134cb1672a934fecc140fb451487d93b8f.jpg\" alt=\"\" style=\"aspect-ratio:4\/3;object-fit:cover\"\/><\/figure>\n\n\n\n<h3 class=\"wp-block-heading\" style=\"margin-top:24px;font-size:20px;line-height:1.5\">Des cocktails d&rsquo;exception cr\u00e9\u00e9s avec passion<\/h3>\n\n\n\n<p class=\"has-small-font-size\" style=\"margin-top:8px\">Au Playhouse, vous d\u00e9couvrirez des cocktails magiques qui vous emm\u00e8neront dans un voyage inoubliable rempli d&rsquo;exp\u00e9riences de bar.<\/p>\n<\/div>\n\n\n\n<div class=\"wp-block-column is-layout-flow wp-block-column-is-layout-flow\">\n<figure class=\"wp-block-image ext-aspect-landscape\"><img decoding=\"async\" class=\"wp-image-35\" src=\"http:\/\/playhouse.pl\/wp-content\/uploads\/2024\/08\/223b061d481ae3213b7ddc6ef82fc1bee1be9a5c.jpg\" alt=\"\" style=\"aspect-ratio:4\/3;object-fit:cover\"\/><\/figure>\n\n\n\n<h3 class=\"wp-block-heading\" style=\"margin-top:24px;font-size:20px;line-height:1.5\">Espaces de r\u00e9union exclusifs<\/h3>\n\n\n\n<p class=\"has-small-font-size\" style=\"margin-top:8px\">L&rsquo;endroit id\u00e9al pour les r\u00e9unions d&rsquo;affaires.\nService professionnel et int\u00e9rieur \u00e9l\u00e9gant. <\/p>\n<\/div>\n<\/div>\n<\/div><\/div>\n\n<div class=\"wp-block-group alignfull has-background-background-color has-background\" style=\"margin-top:0;margin-bottom:0;padding-top:var(--wp--preset--spacing--50);padding-right:var(--wp--preset--spacing--30);padding-bottom:var(--wp--preset--spacing--60);padding-left:var(--wp--preset--spacing--30)\"><div class=\"wp-block-group__inner-container is-layout-constrained wp-container-core-group-is-layout-dddc33e4 wp-block-group-is-layout-constrained\">\n<div class=\"wp-block-group alignwide is-content-justification-left\"><div class=\"wp-block-group__inner-container is-layout-constrained wp-container-core-group-is-layout-8c890d92 wp-block-group-is-layout-constrained\">\n<h2 class=\"wp-block-heading has-large-font-size\">Pourquoi Playhouse ?<\/h2>\n\n\n\n<p style=\"margin-top:16px\">Playhouse est un club de strip-tease de premier plan qui offre de nombreuses raisons de nous rendre visite.<\/p>\n<\/div><\/div>\n\n\n\n<div class=\"wp-block-columns alignwide is-layout-flex wp-container-core-columns-is-layout-30f78326 wp-block-columns-is-layout-flex\">\n<div class=\"wp-block-column is-layout-flow wp-block-column-is-layout-flow\">\n<figure class=\"wp-block-image\"><img decoding=\"async\" class=\"wp-image-36\" src=\"http:\/\/playhouse.pl\/wp-content\/uploads\/2024\/08\/98464230462cd37399ae23304f0fc10926a3bf52.jpg\" alt=\"\" style=\"aspect-ratio:1;object-fit:cover\"\/><\/figure>\n<\/div>\n\n\n\n<div class=\"wp-block-column is-layout-flow wp-block-column-is-layout-flow\">\n<div class=\"wp-block-group\"><div class=\"wp-block-group__inner-container is-layout-constrained wp-block-group-is-layout-constrained\">\n<h3 class=\"wp-block-heading\" style=\"font-size:20px;line-height:1.5\">Des soir\u00e9es inoubliables et pleines d&rsquo;\u00e9motion<\/h3>\n\n\n\n<p class=\"has-small-font-size\" style=\"margin-top:8px\">Playhouse &#8211; un club \u00e0 l&rsquo;atmosph\u00e8re unique o\u00f9 vous vivrez des moments inoubliables en compagnie de belles danseuses et d&rsquo;excellentes boissons.<\/p>\n<\/div><\/div>\n\n\n\n<div class=\"wp-block-group\"><div class=\"wp-block-group__inner-container is-layout-constrained wp-block-group-is-layout-constrained\">\n<h3 class=\"wp-block-heading\" style=\"font-size:20px;line-height:1.5\">Nos barmen &#8211; experts en mixologie<\/h3>\n\n\n\n<p class=\"has-small-font-size\" style=\"margin-top:8px\">Des barmans exp\u00e9riment\u00e9s et comp\u00e9tents pour vous aider \u00e0 choisir la boisson id\u00e9ale.<\/p>\n<\/div><\/div>\n\n\n\n<div class=\"wp-block-group\"><div class=\"wp-block-group__inner-container is-layout-constrained wp-block-group-is-layout-constrained\">\n<h3 class=\"wp-block-heading\" style=\"font-size:20px;line-height:1.5\">Une atmosph\u00e8re unique et d&rsquo;excellentes boissons<\/h3>\n\n\n\n<p class=\"has-small-font-size\" style=\"margin-top:8px\">Le meilleur club de Varsovie.\nAmbiance inoubliable, boissons excellentes.\nL&rsquo;endroit id\u00e9al pour les sorties nocturnes et les f\u00eates inoubliables.  <\/p>\n<\/div><\/div>\n<\/div>\n\n\n\n<div class=\"wp-block-column is-layout-flow wp-block-column-is-layout-flow\">\n<div class=\"wp-block-group\"><div class=\"wp-block-group__inner-container is-layout-constrained wp-block-group-is-layout-constrained\">\n<h3 class=\"wp-block-heading\" style=\"font-size:20px;line-height:1.5\">Boissons exclusives et raffin\u00e9es<\/h3>\n\n\n\n<p class=\"has-small-font-size\" style=\"margin-top:8px\">Nos barmen sont de v\u00e9ritables ma\u00eetres de la mixologie.\nEssayez nos boissons uniques. <\/p>\n<\/div><\/div>\n\n\n\n<div class=\"wp-block-group\"><div class=\"wp-block-group__inner-container is-layout-constrained wp-block-group-is-layout-constrained\">\n<h3 class=\"wp-block-heading\" style=\"font-size:20px;line-height:1.5\">L&rsquo;endroit id\u00e9al pour toutes les occasions<\/h3>\n\n\n\n<p class=\"has-small-font-size\" style=\"margin-top:8px\">Le Playhouse est l&rsquo;endroit id\u00e9al pour les rendez-vous, les affaires et les rencontres entre amis.<\/p>\n<\/div><\/div>\n<\/div>\n<\/div>\n<\/div><\/div>\n\n<div class=\"wp-block-group alignfull has-tertiary-background-color has-background\" style=\"margin-top:0;margin-bottom:0;padding-top:var(--wp--preset--spacing--60);padding-right:var(--wp--preset--spacing--30);padding-bottom:var(--wp--preset--spacing--60);padding-left:var(--wp--preset--spacing--30)\"><div class=\"wp-block-group__inner-container is-layout-constrained wp-container-core-group-is-layout-392eb801 wp-block-group-is-layout-constrained\">\n<div class=\"wp-block-group alignwide has-background-background-color has-background is-content-justification-space-between is-layout-flex wp-container-core-group-is-layout-1614da31 wp-block-group-is-layout-flex\" style=\"padding-top:var(--wp--preset--spacing--50);padding-right:var(--wp--preset--spacing--50);padding-bottom:var(--wp--preset--spacing--50);padding-left:var(--wp--preset--spacing--50)\">\n<div class=\"wp-block-group\"><div class=\"wp-block-group__inner-container is-layout-constrained wp-block-group-is-layout-constrained\">\n<h2 class=\"wp-block-heading has-large-font-size\">Rendez-nous visite au Playhouse d\u00e8s aujourd&rsquo;hui !<\/h2>\n\n\n\n<p style=\"margin-top:16px\">Bienvenue au Playhouse &#8211; le meilleur club de strip-tease du monde !\nD\u00e9tendez-vous avec des cocktails cr\u00e9atifs et profitez d&rsquo;une atmosph\u00e8re inoubliable. <\/p>\n<\/div><\/div>\n\n\n\n<div class=\"wp-block-buttons is-content-justification-left is-layout-flex wp-container-core-buttons-is-layout-0934dcb1 wp-block-buttons-is-layout-flex\">\n<div class=\"wp-block-button is-style-outline is-style-outline--1\"><a class=\"wp-block-button__link wp-element-button\" href=\"https:\/\/playhouse.pl\/o-nas\/\">Consultez nos services<\/a><\/div>\n\n\n\n<div class=\"wp-block-button\"><a class=\"wp-block-button__link wp-element-button\" href=\"https:\/\/playhouse.pl\/kontakt\/\">R\u00e9servez une table<\/a><\/div>\n<\/div>\n<\/div>\n<\/div><\/div>\n","protected":false},"excerpt":{"rendered":"<p>Nos services exceptionnels au Playhouse Le Playhouse offre une large gamme de services, un service professionnel, de superbes cocktails et une atmosph\u00e8re inoubliable. Un lieu id\u00e9al pour les enterrements de vie de gar\u00e7on, les \u00e9v\u00e9nements d&rsquo;entreprise et les r\u00e9unions sociales. Les meilleurs cocktails de la ville Notre offre : large s\u00e9lection de cocktails, meilleurs spiritueux,&#8230;<\/p>\n","protected":false},"author":3,"featured_media":0,"parent":0,"menu_order":0,"comment_status":"closed","ping_status":"closed","template":"","meta":{"_monsterinsights_skip_tracking":false,"_monsterinsights_sitenote_active":false,"_monsterinsights_sitenote_note":"","_monsterinsights_sitenote_category":0,"_kadence_starter_templates_imported_post":false,"_kad_post_transparent":"","_kad_post_title":"","_kad_post_layout":"","_kad_post_sidebar_id":"","_kad_post_content_style":"","_kad_post_vertical_padding":"","_kad_post_feature":"","_kad_post_feature_position":"","_kad_post_header":false,"_kad_post_footer":false,"_kad_post_classname":"","footnotes":""},"class_list":["post-3180","page","type-page","status-publish","hentry"],"aioseo_notices":[],"_links":{"self":[{"href":"https:\/\/playhouse.pl\/fr\/wp-json\/wp\/v2\/pages\/3180","targetHints":{"allow":["GET"]}}],"collection":[{"href":"https:\/\/playhouse.pl\/fr\/wp-json\/wp\/v2\/pages"}],"about":[{"href":"https:\/\/playhouse.pl\/fr\/wp-json\/wp\/v2\/types\/page"}],"author":[{"embeddable":true,"href":"https:\/\/playhouse.pl\/fr\/wp-json\/wp\/v2\/users\/3"}],"replies":[{"embeddable":true,"href":"https:\/\/playhouse.pl\/fr\/wp-json\/wp\/v2\/comments?post=3180"}],"version-history":[{"count":1,"href":"https:\/\/playhouse.pl\/fr\/wp-json\/wp\/v2\/pages\/3180\/revisions"}],"predecessor-version":[{"id":3183,"href":"https:\/\/playhouse.pl\/fr\/wp-json\/wp\/v2\/pages\/3180\/revisions\/3183"}],"wp:attachment":[{"href":"https:\/\/playhouse.pl\/fr\/wp-json\/wp\/v2\/media?parent=3180"}],"curies":[{"name":"wp","href":"https:\/\/api.w.org\/{rel}","templated":true}]}}