{"id":3178,"date":"2024-08-18T20:02:41","date_gmt":"2024-08-18T18:02:41","guid":{"rendered":"https:\/\/playhouse.com.pl\/dienstleistungen\/"},"modified":"2024-08-21T17:12:13","modified_gmt":"2024-08-21T15:12:13","slug":"dienstleistungen","status":"publish","type":"page","link":"https:\/\/playhouse.pl\/de\/dienstleistungen\/","title":{"rendered":"Dienstleistungen"},"content":{"rendered":"\n<div class=\"wp-block-group alignfull has-background-background-color has-background\" style=\"margin-top:0;margin-bottom:0;padding-top:0;padding-right:0;padding-bottom:0;padding-left:0\"><div class=\"wp-block-group__inner-container is-layout-constrained wp-container-core-group-is-layout-cf14dc92 wp-block-group-is-layout-constrained\">\n<div class=\"wp-block-cover alignfull\" style=\"padding-top:0;padding-right:var(--wp--preset--spacing--30);padding-bottom:0;padding-left:var(--wp--preset--spacing--30);min-height:50px;aspect-ratio:unset;\"><span aria-hidden=\"true\" class=\"wp-block-cover__background has-black-background-color has-background-dim-60 has-background-dim\"><\/span><img decoding=\"async\" class=\"wp-block-cover__image-background wp-image-32\" alt=\"\" src=\"http:\/\/playhouse.pl\/wp-content\/uploads\/2024\/08\/4306574d24ad4a9ccc26c8b64bdc672706524284.jpg\" data-object-fit=\"cover\" \/><div class=\"wp-block-cover__inner-container is-layout-flow wp-block-cover-is-layout-flow\">\n<div class=\"wp-block-group\" style=\"padding-top:var(--wp--preset--spacing--60);padding-bottom:var(--wp--preset--spacing--60)\"><div class=\"wp-block-group__inner-container is-layout-constrained wp-block-group-is-layout-constrained\">\n<div class=\"wp-block-group alignwide is-content-justification-left\"><div class=\"wp-block-group__inner-container is-layout-constrained wp-container-core-group-is-layout-8c890d92 wp-block-group-is-layout-constrained\">\n<h1 class=\"wp-block-heading has-text-color has-x-large-font-size\" style=\"color:#fffffffc\">Unser au\u00dfergew\u00f6hnlicher Service im Schauspielhaus<\/h1>\n\n\n\n<p class=\"has-text-color\" style=\"color:#fffffffc;margin-top:16px\">Entdecken Sie unser umfangreiches Angebot und sehen Sie, was das Playhouse zu bieten hat.<\/p>\n<\/div><\/div>\n<\/div><\/div>\n<\/div><\/div>\n<\/div><\/div>\n\n<div class=\"wp-block-group alignfull has-tertiary-background-color has-background\" style=\"margin-top:0;margin-bottom:0;padding-top:var(--wp--preset--spacing--60);padding-right:var(--wp--preset--spacing--30);padding-bottom:var(--wp--preset--spacing--60);padding-left:var(--wp--preset--spacing--30)\"><div class=\"wp-block-group__inner-container is-layout-constrained wp-container-core-group-is-layout-392eb801 wp-block-group-is-layout-constrained\">\n<div class=\"wp-block-group alignwide is-content-justification-left\"><div class=\"wp-block-group__inner-container is-layout-constrained wp-container-core-group-is-layout-eded1d97 wp-block-group-is-layout-constrained\">\n<h2 class=\"wp-block-heading has-large-font-size\">Unser au\u00dfergew\u00f6hnlicher Service im Schauspielhaus<\/h2>\n\n\n\n<p style=\"margin-top:16px\">Das Playhouse bietet eine breite Palette von Dienstleistungen, professionellen Service, ausgezeichnete Cocktails und eine unvergessliche Atmosph\u00e4re. Ein idealer Ort f\u00fcr Junggesellenabschiede, Firmenveranstaltungen und gesellschaftliche Zusammenk\u00fcnfte.<\/p>\n<\/div><\/div>\n\n\n\n<div class=\"wp-block-columns alignwide is-layout-flex wp-container-core-columns-is-layout-65786054 wp-block-columns-is-layout-flex\">\n<div class=\"wp-block-column is-layout-flow wp-block-column-is-layout-flow\">\n<figure class=\"wp-block-image ext-aspect-landscape\"><img decoding=\"async\" class=\"wp-image-33\" src=\"http:\/\/playhouse.pl\/wp-content\/uploads\/2024\/08\/9eae812fa8be125c43c58660362b34f220838a6b.jpg\" alt=\"\" style=\"aspect-ratio:4\/3;object-fit:cover\"\/><\/figure>\n\n\n\n<h3 class=\"wp-block-heading\" style=\"margin-top:24px;font-size:20px;line-height:1.5\">Die besten Cocktails der Stadt<\/h3>\n\n\n\n<p class=\"has-small-font-size\" style=\"margin-top:8px\">Unser Angebot: gro\u00dfe Auswahl an Cocktails, beste Spirituosen, erfahrene Barkeeper.<\/p>\n<\/div>\n\n\n\n<div class=\"wp-block-column is-layout-flow wp-block-column-is-layout-flow\">\n<figure class=\"wp-block-image ext-aspect-landscape\"><img decoding=\"async\" class=\"wp-image-34\" src=\"http:\/\/playhouse.pl\/wp-content\/uploads\/2024\/08\/8dc370134cb1672a934fecc140fb451487d93b8f.jpg\" alt=\"\" style=\"aspect-ratio:4\/3;object-fit:cover\"\/><\/figure>\n\n\n\n<h3 class=\"wp-block-heading\" style=\"margin-top:24px;font-size:20px;line-height:1.5\">Au\u00dfergew\u00f6hnliche Cocktails mit Leidenschaft kreiert<\/h3>\n\n\n\n<p class=\"has-small-font-size\" style=\"margin-top:8px\">Im Playhouse werden Sie magische Cocktails entdecken, die Sie auf eine unvergessliche Reise voller Bar-Erlebnisse mitnehmen werden.<\/p>\n<\/div>\n\n\n\n<div class=\"wp-block-column is-layout-flow wp-block-column-is-layout-flow\">\n<figure class=\"wp-block-image ext-aspect-landscape\"><img decoding=\"async\" class=\"wp-image-35\" src=\"http:\/\/playhouse.pl\/wp-content\/uploads\/2024\/08\/223b061d481ae3213b7ddc6ef82fc1bee1be9a5c.jpg\" alt=\"\" style=\"aspect-ratio:4\/3;object-fit:cover\"\/><\/figure>\n\n\n\n<h3 class=\"wp-block-heading\" style=\"margin-top:24px;font-size:20px;line-height:1.5\">Exklusive Tagungsr\u00e4ume<\/h3>\n\n\n\n<p class=\"has-small-font-size\" style=\"margin-top:8px\">Ein idealer Ort f\u00fcr Gesch\u00e4ftstreffen. Professioneller Service und eine elegante Einrichtung.<\/p>\n<\/div>\n<\/div>\n<\/div><\/div>\n\n<div class=\"wp-block-group alignfull has-background-background-color has-background\" style=\"margin-top:0;margin-bottom:0;padding-top:var(--wp--preset--spacing--50);padding-right:var(--wp--preset--spacing--30);padding-bottom:var(--wp--preset--spacing--60);padding-left:var(--wp--preset--spacing--30)\"><div class=\"wp-block-group__inner-container is-layout-constrained wp-container-core-group-is-layout-dddc33e4 wp-block-group-is-layout-constrained\">\n<div class=\"wp-block-group alignwide is-content-justification-left\"><div class=\"wp-block-group__inner-container is-layout-constrained wp-container-core-group-is-layout-8c890d92 wp-block-group-is-layout-constrained\">\n<h2 class=\"wp-block-heading has-large-font-size\">Warum Playhouse?<\/h2>\n\n\n\n<p style=\"margin-top:16px\">Playhouse ist ein Top-Stripclub, der viele Gr\u00fcnde bietet, uns zu besuchen.<\/p>\n<\/div><\/div>\n\n\n\n<div class=\"wp-block-columns alignwide is-layout-flex wp-container-core-columns-is-layout-30f78326 wp-block-columns-is-layout-flex\">\n<div class=\"wp-block-column is-layout-flow wp-block-column-is-layout-flow\">\n<figure class=\"wp-block-image\"><img decoding=\"async\" class=\"wp-image-36\" src=\"http:\/\/playhouse.pl\/wp-content\/uploads\/2024\/08\/98464230462cd37399ae23304f0fc10926a3bf52.jpg\" alt=\"\" style=\"aspect-ratio:1;object-fit:cover\"\/><\/figure>\n<\/div>\n\n\n\n<div class=\"wp-block-column is-layout-flow wp-block-column-is-layout-flow\">\n<div class=\"wp-block-group\"><div class=\"wp-block-group__inner-container is-layout-constrained wp-block-group-is-layout-constrained\">\n<h3 class=\"wp-block-heading\" style=\"font-size:20px;line-height:1.5\">Unvergessliche Abende voller Aufregung<\/h3>\n\n\n\n<p class=\"has-small-font-size\" style=\"margin-top:8px\">Playhouse &#8211; ein Club mit einzigartiger Atmosph\u00e4re, in dem Sie unvergessliche Momente in Gesellschaft sch\u00f6ner T\u00e4nzerinnen und ausgezeichneter Drinks erleben werden.<\/p>\n<\/div><\/div>\n\n\n\n<div class=\"wp-block-group\"><div class=\"wp-block-group__inner-container is-layout-constrained wp-block-group-is-layout-constrained\">\n<h3 class=\"wp-block-heading\" style=\"font-size:20px;line-height:1.5\">Unsere Barkeeper &#8211; Mixologie-Experten<\/h3>\n\n\n\n<p class=\"has-small-font-size\" style=\"margin-top:8px\">Erfahrene Barkeeper mit umfassenden Kenntnissen helfen Ihnen bei der Auswahl des perfekten Drinks.<\/p>\n<\/div><\/div>\n\n\n\n<div class=\"wp-block-group\"><div class=\"wp-block-group__inner-container is-layout-constrained wp-block-group-is-layout-constrained\">\n<h3 class=\"wp-block-heading\" style=\"font-size:20px;line-height:1.5\">Eine einzigartige Atmosph\u00e4re und ausgezeichnete Getr\u00e4nke<\/h3>\n\n\n\n<p class=\"has-small-font-size\" style=\"margin-top:8px\">Der beste Club in Warschau. Unvergessliche Atmosph\u00e4re, ausgezeichnete Getr\u00e4nke. Ein idealer Ort f\u00fcr Abendausfl\u00fcge und unvergessliche Partys.<\/p>\n<\/div><\/div>\n<\/div>\n\n\n\n<div class=\"wp-block-column is-layout-flow wp-block-column-is-layout-flow\">\n<div class=\"wp-block-group\"><div class=\"wp-block-group__inner-container is-layout-constrained wp-block-group-is-layout-constrained\">\n<h3 class=\"wp-block-heading\" style=\"font-size:20px;line-height:1.5\">Exklusive und anspruchsvolle Getr\u00e4nke<\/h3>\n\n\n\n<p class=\"has-small-font-size\" style=\"margin-top:8px\">Unsere Barkeeper sind wahre Meister der Mixologie. Probieren Sie unsere einzigartigen Getr\u00e4nke.<\/p>\n<\/div><\/div>\n\n\n\n<div class=\"wp-block-group\"><div class=\"wp-block-group__inner-container is-layout-constrained wp-block-group-is-layout-constrained\">\n<h3 class=\"wp-block-heading\" style=\"font-size:20px;line-height:1.5\">Der perfekte Ort f\u00fcr jede Gelegenheit<\/h3>\n\n\n\n<p class=\"has-small-font-size\" style=\"margin-top:8px\">Der perfekte Ort f\u00fcr Verabredungen, Gesch\u00e4fte und Treffen mit Freunden &#8211; das Playhouse.<\/p>\n<\/div><\/div>\n<\/div>\n<\/div>\n<\/div><\/div>\n\n<div class=\"wp-block-group alignfull has-tertiary-background-color has-background\" style=\"margin-top:0;margin-bottom:0;padding-top:var(--wp--preset--spacing--60);padding-right:var(--wp--preset--spacing--30);padding-bottom:var(--wp--preset--spacing--60);padding-left:var(--wp--preset--spacing--30)\"><div class=\"wp-block-group__inner-container is-layout-constrained wp-container-core-group-is-layout-392eb801 wp-block-group-is-layout-constrained\">\n<div class=\"wp-block-group alignwide has-background-background-color has-background is-content-justification-space-between is-layout-flex wp-container-core-group-is-layout-1614da31 wp-block-group-is-layout-flex\" style=\"padding-top:var(--wp--preset--spacing--50);padding-right:var(--wp--preset--spacing--50);padding-bottom:var(--wp--preset--spacing--50);padding-left:var(--wp--preset--spacing--50)\">\n<div class=\"wp-block-group\"><div class=\"wp-block-group__inner-container is-layout-constrained wp-block-group-is-layout-constrained\">\n<h2 class=\"wp-block-heading has-large-font-size\">Besuchen Sie uns noch heute im Playhouse!<\/h2>\n\n\n\n<p style=\"margin-top:16px\">Willkommen im Playhouse &#8211; dem besten Stripclub der Welt! Entspannen Sie sich bei kreativen Cocktails und genie\u00dfen Sie eine unvergessliche Atmosph\u00e4re.<\/p>\n<\/div><\/div>\n\n\n\n<div class=\"wp-block-buttons is-content-justification-left is-layout-flex wp-container-core-buttons-is-layout-0934dcb1 wp-block-buttons-is-layout-flex\">\n<div class=\"wp-block-button is-style-outline is-style-outline--1\"><a class=\"wp-block-button__link wp-element-button\" href=\"https:\/\/playhouse.pl\/o-nas\/\">Pr\u00fcfen Sie unsere Dienstleistungen<\/a><\/div>\n\n\n\n<div class=\"wp-block-button\"><a class=\"wp-block-button__link wp-element-button\" href=\"https:\/\/playhouse.pl\/kontakt\/\">Einen Tisch reservieren<\/a><\/div>\n<\/div>\n<\/div>\n<\/div><\/div>\n","protected":false},"excerpt":{"rendered":"<p>Unser au\u00dfergew\u00f6hnlicher Service im Schauspielhaus Das Playhouse bietet eine breite Palette von Dienstleistungen, professionellen Service, ausgezeichnete Cocktails und eine unvergessliche Atmosph\u00e4re. Ein idealer Ort f\u00fcr Junggesellenabschiede, Firmenveranstaltungen und gesellschaftliche Zusammenk\u00fcnfte. Die besten Cocktails der Stadt Unser Angebot: gro\u00dfe Auswahl an Cocktails, beste Spirituosen, erfahrene Barkeeper. Au\u00dfergew\u00f6hnliche Cocktails mit Leidenschaft kreiert Im Playhouse werden Sie magische&#8230;<\/p>\n","protected":false},"author":3,"featured_media":0,"parent":0,"menu_order":0,"comment_status":"closed","ping_status":"closed","template":"","meta":{"_monsterinsights_skip_tracking":false,"_monsterinsights_sitenote_active":false,"_monsterinsights_sitenote_note":"","_monsterinsights_sitenote_category":0,"_kadence_starter_templates_imported_post":false,"_kad_post_transparent":"","_kad_post_title":"","_kad_post_layout":"","_kad_post_sidebar_id":"","_kad_post_content_style":"","_kad_post_vertical_padding":"","_kad_post_feature":"","_kad_post_feature_position":"","_kad_post_header":false,"_kad_post_footer":false,"_kad_post_classname":"","footnotes":""},"class_list":["post-3178","page","type-page","status-publish","hentry"],"aioseo_notices":[],"_links":{"self":[{"href":"https:\/\/playhouse.pl\/de\/wp-json\/wp\/v2\/pages\/3178","targetHints":{"allow":["GET"]}}],"collection":[{"href":"https:\/\/playhouse.pl\/de\/wp-json\/wp\/v2\/pages"}],"about":[{"href":"https:\/\/playhouse.pl\/de\/wp-json\/wp\/v2\/types\/page"}],"author":[{"embeddable":true,"href":"https:\/\/playhouse.pl\/de\/wp-json\/wp\/v2\/users\/3"}],"replies":[{"embeddable":true,"href":"https:\/\/playhouse.pl\/de\/wp-json\/wp\/v2\/comments?post=3178"}],"version-history":[{"count":1,"href":"https:\/\/playhouse.pl\/de\/wp-json\/wp\/v2\/pages\/3178\/revisions"}],"predecessor-version":[{"id":3181,"href":"https:\/\/playhouse.pl\/de\/wp-json\/wp\/v2\/pages\/3178\/revisions\/3181"}],"wp:attachment":[{"href":"https:\/\/playhouse.pl\/de\/wp-json\/wp\/v2\/media?parent=3178"}],"curies":[{"name":"wp","href":"https:\/\/api.w.org\/{rel}","templated":true}]}}